{"id":454,"date":"2021-05-27T13:36:40","date_gmt":"2021-05-27T13:36:40","guid":{"rendered":"https:\/\/webdesign.jolanda-hofmann.site\/?page_id=454"},"modified":"2025-05-13T20:07:00","modified_gmt":"2025-05-13T20:07:00","slug":"chemie","status":"publish","type":"page","link":"https:\/\/www.schwarzaeugl.at\/en\/chemie\/","title":{"rendered":"Chemistry"},"content":{"rendered":"<p>[et_pb_section fb_built=&#8220;1&#8243; admin_label=&#8220;header&#8220; _builder_version=&#8220;4.16&#8243; _module_preset=&#8220;default&#8220; use_background_color_gradient=&#8220;on&#8220; background_color_gradient_stops=&#8220;#ffffff 0%|rgba(0,0,0,0.76) 100%&#8220; background_color_gradient_overlays_image=&#8220;on&#8220; background_color_gradient_start=&#8220;#ffffff&#8220; background_color_gradient_end=&#8220;rgba(0,0,0,0.76)&#8220; background_image=&#8220;https:\/\/www.schwarzaeugl.at\/wp-content\/uploads\/2021\/05\/160.jpg&#8220; background_position=&#8220;top_center&#8220; custom_padding=&#8220;||3px|||&#8220; background_last_edited=&#8220;on|phone&#8220; background_color_gradient_stops_phone=&#8220;#ffffff 0%|rgba(0,0,0,0.76) 90%&#8220; background_color_gradient_end_position_phone=&#8220;90%&#8220; global_colors_info=&#8220;{}&#8220;][et_pb_row custom_padding_last_edited=&#8220;on|phone&#8220; _builder_version=&#8220;4.16&#8243; _module_preset=&#8220;default&#8220; custom_padding=&#8220;7px||47px|||&#8220; custom_padding_tablet=&#8220;&#8220; custom_padding_phone=&#8220;30px||69px||false|false&#8220; global_colors_info=&#8220;{}&#8220;][et_pb_column type=&#8220;4_4&#8243; _builder_version=&#8220;4.16&#8243; _module_preset=&#8220;default&#8220; global_colors_info=&#8220;{}&#8220;][et_pb_text admin_label=&#8220;header_title&#8220; _builder_version=&#8220;4.18.0&#8243; _module_preset=&#8220;default&#8220; header_font=&#8220;Oswald||||||||&#8220; header_text_color=&#8220;gcid-564a62f8-08b5-4913-a77f-a4cb0ddc3962&#8243; header_font_size=&#8220;93px&#8220; header_2_text_color=&#8220;#FFFFFF&#8220; header_2_font_size=&#8220;40px&#8220; custom_margin=&#8220;-52px|||||&#8220; header_font_size_tablet=&#8220;&#8220; header_font_size_phone=&#8220;40px&#8220; header_font_size_last_edited=&#8220;on|phone&#8220; header_2_font_size_tablet=&#8220;&#8220; header_2_font_size_phone=&#8220;20px&#8220; header_2_font_size_last_edited=&#8220;on|phone&#8220; global_colors_info=&#8220;{%22gcid-36b050bc-04ff-4213-b4cd-bd33d87865a5%22:%91%93,%22gcid-564a62f8-08b5-4913-a77f-a4cb0ddc3962%22:%91%22header_text_color%22%93}&#8220;]<\/p>\n<h1 style=\"text-align: center;\"><span>Schwarz\u00e4ugl ITS&amp;T<\/span><\/h1>\n<h2 style=\"text-align: center;\"><span>Mechanische Verfahrenstechnik<\/span><\/h2>\n<h2 style=\"text-align: center;\"><span>Industrievertretungen<\/span><\/h2>\n<p>[\/et_pb_text][\/et_pb_column][\/et_pb_row][\/et_pb_section][et_pb_section fb_built=&#8220;1&#8243; admin_label=&#8220;chemie&#8220; _builder_version=&#8220;4.16&#8243; _module_preset=&#8220;default&#8220; global_colors_info=&#8220;{}&#8220;][et_pb_row admin_label=&#8220;Zeile&#8220; _builder_version=&#8220;4.16&#8243; _module_preset=&#8220;default&#8220; global_colors_info=&#8220;{}&#8220;][et_pb_column type=&#8220;4_4&#8243; _builder_version=&#8220;4.16&#8243; _module_preset=&#8220;default&#8220; global_colors_info=&#8220;{}&#8220;][et_pb_text admin_label=&#8220;chemie_text&#8220; _builder_version=&#8220;4.16&#8243; _module_preset=&#8220;default&#8220; global_colors_info=&#8220;{}&#8220;]<\/p>\n<h1 style=\"text-align: center;\">Chemie<\/h1>\n<p style=\"text-align: center;\">Herstellung von Massen- und Spezialchemikalien, Polymere und biobasierte Produkte, D\u00fcngemittel, Pflanzenschutzmittel,&#8230;\u00a0<\/p>\n<p style=\"text-align: center;\">Folgende Produkte werden f\u00fcr diese Anwendung eingesetzt:<\/p>\n<p>[\/et_pb_text][\/et_pb_column][\/et_pb_row][et_pb_row admin_label=&#8220;akkordeon&#8220; _builder_version=&#8220;4.16&#8243; _module_preset=&#8220;default&#8220; global_colors_info=&#8220;{}&#8220;][et_pb_column type=&#8220;4_4&#8243; _builder_version=&#8220;4.16&#8243; _module_preset=&#8220;default&#8220; global_colors_info=&#8220;{}&#8220;][et_pb_accordion admin_label=&#8220;Akkordeon&#8220; _builder_version=&#8220;4.27.4&#8243; _module_preset=&#8220;default&#8220; hover_enabled=&#8220;0&#8243; global_colors_info=&#8220;{}&#8220; open_toggle_text_color=&#8220;#003B6A&#8220; toggle_text_color=&#8220;#003B6A&#8220; sticky_enabled=&#8220;0&#8243; closed_toggle_text_color=&#8220;#003B6A&#8220; icon_color=&#8220;#003B6A&#8220;][et_pb_accordion_item title=&#8220;R\u00fchrwerke&#8220; open=&#8220;on&#8220; _builder_version=&#8220;4.16&#8243; _module_preset=&#8220;default&#8220; global_colors_info=&#8220;{}&#8220;]<\/p>\n<p><span>Absatzweise oder kontinuierlich betriebene Reaktoren haben unterschiedliche Anforderungen an die R\u00fchrwerke: zur optimalen Durchmischung der fl\u00fcssigen und festen Bestandteile kommt der Stoff\u00fcbergang in mehrphasigen Systemen und die Zu- oder Abfuhr der Reaktionsw\u00e4rme. Die Aufarbeitung der chemischen Produkte setzt sich aus thermischen und mechanischen Verfahren zusammen, in denen die R\u00fchrtechnik die Qualit\u00e4t und Eigenschaften ma\u00dfgeblich beeinflusst. Die R\u00fchrwerke werden f\u00fcr die R\u00fchraufgaben homogenisieren, suspendieren, dispergieren, begasen sowie f\u00fcr den W\u00e4rme\u00fcbergang eingesetzt.<\/span><\/p>\n<p>[\/et_pb_accordion_item][et_pb_accordion_item title=&#8220;Dissolver &#038; Korbm\u00fchlen&#8220; _builder_version=&#8220;4.16&#8243; _module_preset=&#8220;default&#8220; global_colors_info=&#8220;{}&#8220; open=&#8220;off&#8220;]<\/p>\n<p><strong>Kreis-Dissolver<\/strong><span> werden in der Chemieindustrie\u00a0zum Mischen, Dispergieren, L\u00f6sen und Evakuieren von mittel-, bis hochviskose Produkte eingesetzt und sind flexibel einsetzbar.\u00a0Mit dem Hochleistungs-Kreis-Dissolver Standard KV von Niemann k\u00f6nnen Ansatzvolumen von ca. 1.500 l batchweise in fahrbaren Mischbeh\u00e4ltern hergestellt werden. F\u00fcr gr\u00f6\u00dfere Produktionsmengen bis ca. 15.000 l kommen entweder der Aufbau- oder der Deckeneinbau-Dissolver zum Einsatz. \u00dcber eine hydraulich verstellbare Hubs\u00e4ule kann die optimale Arbeitsh\u00f6he eingestellt werden. Gemeinsam mit diesem verstellbaren Parameter sowie der patentierten Doppelsogzahnscheibe, welche frequenzgeregelt ist,\u00a0k\u00f6nnen optimale Dispergierergebnisse in Verbindung mit kurzen Chargenzeiten garantiert werden.\u00a0<\/span><br \/><strong>Korbm\u00fchlen Kreis-Basket-Mill<\/strong><span> von Fa. Niemann sind schnellaufende Hochleistungs-M\u00fchlen f\u00fcr die Verarbeitung von niedrig- bis mittelviskose Produkte. Dabei werden Feststoffe in Fl\u00fcssigkeiten fein dispergiert bzw. feinst vermahlen.\u00a0In Verbindung mit einem Kreis-Dissolver werden extrem hohe Produktqualit\u00e4ten und sehr kurze Mahlzeiten erreicht.<\/span><\/p>\n<p>[\/et_pb_accordion_item][et_pb_accordion_item title=&#8220;Container- &#038; Anklemmr\u00fchrwerke&#8220; _builder_version=&#8220;4.16&#8243; _module_preset=&#8220;default&#8220; global_colors_info=&#8220;{}&#8220; open=&#8220;off&#8220;]<\/p>\n<p><strong>Containerr\u00fchrwerke<\/strong><span> werden zum Aufr\u00fchren bzw. R\u00fchren von IBC Container eingesetzt um ein homogenes Produkt zu erzielen. Die Befestigung des R\u00fchrwerks am IBC Container erfolgt mittels Schraubdeckel oder Traverse mit Schnellspannhebel.<\/span><br \/><strong>Anklemmr\u00fchrwerke<\/strong><span> stellen die einfachste M\u00f6glichkeit dar, das R\u00fchrwerk am Beh\u00e4lter zu befestigen und durch die Lage\u00e4nderung der R\u00fchrwelle kann es an die betrieblichen Erfordernissen angepasst werden. <\/span><br \/><span>Diese Art von R\u00fchrwerk ist sehr flexibel einsetzbar und somit f\u00fcr unterschiedliche Beh\u00e4lterformen und -gr\u00f6\u00dfen geeignet.<\/span><\/p>\n<p>[\/et_pb_accordion_item][et_pb_accordion_item title=&#8220;Stativr\u00fchrwerke&#8220; _builder_version=&#8220;4.16&#8243; _module_preset=&#8220;default&#8220; global_colors_info=&#8220;{}&#8220; open=&#8220;off&#8220;]<\/p>\n<div class=\"submenuitem\">\n<p>Stativr\u00fchrwerke werden zum Aufr\u00fchren bzw. R\u00fchren von\u00a0 offenen Beh\u00e4ltern eingesetzt, um ein homogenes Produkt zu erzielen. Es gibt unterschiedliche Ausf\u00fchrungen wie Boden- oder Wandstativ sowie als mobile Version das Fahrstativ. Alle Sicherheitsfunktionen wie z.B. Beh\u00e4ltererkennung oder Betrieb nur im abgesenkten Zustand wurden ber\u00fccksichtigt.<\/p>\n<\/div>\n<p>[\/et_pb_accordion_item][et_pb_accordion_item title=&#8220;Heiz- &#038; K\u00fchlanlagen&#8220; _builder_version=&#8220;4.16&#8243; _module_preset=&#8220;default&#8220; global_colors_info=&#8220;{}&#8220; open=&#8220;off&#8220;]<\/p>\n<p><span>Bei hohen Anforderungen und komplexen Temperieraufgaben hat Fa. Lauda das richtige Konzept und liefert die massgeschneiderte L\u00f6sung. Nach Kundenwunsch und unter Erf\u00fcllung strenger Sicherheitsstandards werden die Anlagen geplant und gebaut.\u00a0Innerhalb eines Temperarturbereichs von -150 bis 550 \u00b0C heizen und k\u00fchlen Anlagen von LAUDA mit einer Genauigkeit von bis zu einem Zehntel Grad Celsius. Diese besondere Eigenschaften einer Heiz- und K\u00fchlanlage sind notwendig, damit Apparte wie zum Beispiel R\u00fchrreaktoren, W\u00e4rmetauschern, Verdampfern,&#8230; in einem Prozess optimal funktionieren.<\/span><\/p>\n<p>[\/et_pb_accordion_item][et_pb_accordion_item title=&#8220;Verladetechnik-Klapptreppen&#8220; _builder_version=&#8220;4.16&#8243; _module_preset=&#8220;default&#8220; global_colors_info=&#8220;{}&#8220; open=&#8220;off&#8220;]<\/p>\n<p><span>F\u00fcr die Be- und Entladung von Chemiekalien (S\u00e4uren, Laugen) sowie gasf\u00f6rmige Medien mittels LKW oder Kesselwagen bietet Fa. Igatec\u00a0die ideale L\u00f6sung f\u00fcr manuelle und automatisierte Verladeanlagen. Zum Einsatz kommt entweder ein Top-Loading Verladesystem mit B\u00fchnenaufbau, welches sich durch einen gro\u00dfen Arbeitsbereich und somit hoher Flexibilit\u00e4t auszeichnet, oder ein Bottom-Loading Verladesystem wo die Befestigung des Verladearms auf einer Stands\u00e4ule oder Tr\u00e4ger erfolgt.<\/span><\/p>\n<p>[\/et_pb_accordion_item][et_pb_accordion_item title=&#8220;Siebmaschinen &#038; Separatoren&#8220; _builder_version=&#8220;4.16&#8243; _module_preset=&#8220;default&#8220; global_colors_info=&#8220;{}&#8220; open=&#8220;off&#8220;]<\/p>\n<p><span>Um zu gew\u00e4hrleisten, dass die Endqualit\u00e4t Ihres chemischen Pulvers nicht durch Agglomerate oder \u00dcberkorn beeintr\u00e4chtigt wird, ist es wichtig, eine Siebmaschine im Produktionsprozess zu installieren. Sollte eine Fraktionierung Ihres Produktes notwendig sein, kann ein exakter Trennschnitt der einzelnen Fraktionen mit einem Separator\u00a0 erreicht werden.\u00a0<\/span><\/p>\n<p>[\/et_pb_accordion_item][et_pb_accordion_item title=&#8220;Fl\u00fcssigkeitsfilter &#038; -separator&#8220; _builder_version=&#8220;4.16&#8243; _module_preset=&#8220;default&#8220; global_colors_info=&#8220;{}&#8220; open=&#8220;off&#8220;]<\/p>\n<p><span>Chemische Stoffe werden in einer Vielzahl von Produkten verwendet. Als Teil des Veredelungsprozesses werden diese Arten von Chemikalien in einer feinen Suspension verarbeitet. Unabh\u00e4ngig davon, wie sie verwendet werden, m\u00fcssen diese fl\u00fcssigen Schl\u00e4mme am Ende des Verfahrens nochmals filtriert werden. Dadurch wird verhindert, dass \u00dcberkorn oder unvermischte Partikel im Endprodukt landen.<\/span><\/p>\n<p>[\/et_pb_accordion_item][et_pb_accordion_item title=&#8220;Rohrdrehgelenke &#038; Gelenkscheren&#8220; _builder_version=&#8220;4.16&#8243; _module_preset=&#8220;default&#8220; global_colors_info=&#8220;{}&#8220; open=&#8220;off&#8220;]<\/p>\n<p><span>Rohrdrehgelenke und Gelenkscheren werden in Prozessleitungen f\u00fcr Feststoffe, Fl\u00fcssigkeiten oder Gase eingesetzt. Durch den Einsatz dieser Gelenke k\u00f6nnen mehrdimensionale Bewegungen auch Drehbewegungen realisiert werden.\u00a0<\/span><\/p>\n<p>[\/et_pb_accordion_item][et_pb_accordion_item title=&#8220;Containment &#038; Spezialarmaturen sowie Filtertrockner&#8220; _builder_version=&#8220;4.16&#8243; _module_preset=&#8220;default&#8220; global_colors_info=&#8220;{}&#8220; open=&#8220;off&#8220;][\/et_pb_accordion_item][\/et_pb_accordion][\/et_pb_column][\/et_pb_row][\/et_pb_section][et_pb_section fb_built=&#8220;1&#8243; specialty=&#8220;on&#8220; admin_label=&#8220;footer&#8220; _builder_version=&#8220;4.9.11&#8243; _module_preset=&#8220;default&#8220; background_color=&#8220;gcid-83bbbfa6-118f-4c15-8606-ff2147f4316a&#8220; background_enable_image=&#8220;off&#8220; custom_padding=&#8220;||41px|||&#8220; global_module=&#8220;360&#8243; saved_tabs=&#8220;all&#8220; global_colors_info=&#8220;{%22gcid-83bbbfa6-118f-4c15-8606-ff2147f4316a%22:%91%22background_color%22%93}&#8220;][et_pb_column type=&#8220;1_2&#8243; _builder_version=&#8220;4.16&#8243; custom_padding=&#8220;|||&#8220; global_colors_info=&#8220;{}&#8220; custom_padding__hover=&#8220;|||&#8220;][et_pb_map address=&#8220;Pranzing 50, 4861 Aurach am Hongar&#8220; zoom_level=&#8220;17&#8243; address_lat=&#8220;47.952905770807&#8243; address_lng=&#8220;13.662749180716&#8243; _builder_version=&#8220;4.27.4&#8243; _module_preset=&#8220;default&#8220; global_colors_info=&#8220;{}&#8220;][et_pb_map_pin title=&#8220;Schwarz\u00e4ugl SITS &#038; T GmbH&#8220; zoom_level=&#8220;17&#8243; pin_address_lat=&#8220;47.953141357401&#8243; pin_address_lng=&#8220;13.662625551224&#8243; _builder_version=&#8220;4.27.4&#8243; _module_preset=&#8220;default&#8220; global_colors_info=&#8220;{}&#8220;][\/et_pb_map_pin][\/et_pb_map][\/et_pb_column][et_pb_column type=&#8220;1_2&#8243; specialty_columns=&#8220;2&#8243; _builder_version=&#8220;4.16&#8243; custom_padding=&#8220;|||&#8220; global_colors_info=&#8220;{}&#8220; custom_padding__hover=&#8220;|||&#8220;][et_pb_row_inner admin_label=&#8220;titel&#8220; _builder_version=&#8220;4.16&#8243; _module_preset=&#8220;default&#8220; custom_padding=&#8220;||9px|||&#8220; global_colors_info=&#8220;{}&#8220;][et_pb_column_inner saved_specialty_column_type=&#8220;1_2&#8243; _builder_version=&#8220;4.16&#8243; _module_preset=&#8220;default&#8220; global_colors_info=&#8220;{}&#8220;][et_pb_text _builder_version=&#8220;4.27.4&#8243; _module_preset=&#8220;default&#8220; text_text_color=&#8220;#000000&#8243; header_text_color=&#8220;gcid-564a62f8-08b5-4913-a77f-a4cb0ddc3962&#8243; custom_margin=&#8220;||9px|||&#8220; global_colors_info=&#8220;{%22gcid-564a62f8-08b5-4913-a77f-a4cb0ddc3962%22:%91%22header_text_color%22%93}&#8220;]<\/p>\n<h1 style=\"text-align: left;\"><span>Schwarz\u00e4ugl SITS &amp; T GmbH<\/span><\/h1>\n<p>[\/et_pb_text][\/et_pb_column_inner][\/et_pb_row_inner][et_pb_row_inner column_structure=&#8220;1_2,1_2&#8243; admin_label=&#8220;informationen&#8220; _builder_version=&#8220;4.16&#8243; _module_preset=&#8220;default&#8220; custom_padding=&#8220;0px|||||&#8220; global_colors_info=&#8220;{}&#8220;][et_pb_column_inner type=&#8220;1_2&#8243; saved_specialty_column_type=&#8220;1_2&#8243; _builder_version=&#8220;4.16&#8243; _module_preset=&#8220;default&#8220; global_colors_info=&#8220;{}&#8220;][et_pb_text admin_label=&#8220;kontakt&#8220; _builder_version=&#8220;4.16&#8243; _module_preset=&#8220;default&#8220; text_text_color=&#8220;gcid-564a62f8-08b5-4913-a77f-a4cb0ddc3962&#8243; header_text_color=&#8220;gcid-564a62f8-08b5-4913-a77f-a4cb0ddc3962&#8243; header_2_text_color=&#8220;gcid-564a62f8-08b5-4913-a77f-a4cb0ddc3962&#8243; global_colors_info=&#8220;{%22gcid-564a62f8-08b5-4913-a77f-a4cb0ddc3962%22:%91%22text_text_color%22,%22header_text_color%22,%22header_2_text_color%22%93}&#8220;]<\/p>\n<h2 class=\"mobile-portrait-row adress\"><span itemprop=\"streetAddress\">Kontakt<\/span><\/h2>\n<div class=\"mobile-portrait-row adress\">\n<div class=\"mobile-portrait-row phone\">\n<div class=\"label-portrait\">Tel.: +43\u00a0<span itemprop=\"telephone\">7672 22422<\/span><\/div>\n<\/div>\n<div class=\"mobile-portrait-row fax\">\n<div class=\"label-portrait\">Fax: +43\u00a0<span itemprop=\"faxNumber\">7672 22422-4<\/span><\/div>\n<div class=\"label-portrait\">\n<div class=\"mobile-portrait-row mail\">\n<div class=\"label-portrait\">Mail: office@\u200bschwarzaeugl.at<\/div>\n<\/div>\n<div class=\"mobile-portrait-row url\">\n<div class=\"label-portrait\">Web: www.schwarzaeugl.at<\/div>\n<\/div>\n<p><span itemprop=\"faxNumber\"><\/span><\/p>\n<\/div>\n<\/div>\n<\/div>\n<p>[\/et_pb_text][et_pb_text admin_label=&#8220;adresse&#8220; _builder_version=&#8220;4.27.4&#8243; _module_preset=&#8220;default&#8220; text_text_color=&#8220;gcid-564a62f8-08b5-4913-a77f-a4cb0ddc3962&#8243; header_text_color=&#8220;#FFFFFF&#8220; header_2_text_color=&#8220;#FFFFFF&#8220; min_height=&#8220;54px&#8220; custom_margin=&#8220;3px|||||&#8220; global_colors_info=&#8220;{%22gcid-564a62f8-08b5-4913-a77f-a4cb0ddc3962%22:%91%22text_text_color%22%93}&#8220;]<\/p>\n<p><a href=\"https:\/\/www.schwarzaeugl.at\/impressum\/\"><span style=\"text-decoration: underline;\">Impressum<\/span><\/a><\/p>\n<p><a href=\"https:\/\/www.schwarzaeugl.at\/cookie-richtlinie-eu\/\"><span style=\"text-decoration: underline;\">Datenschutz<\/span><\/a><\/p>\n<p>[\/et_pb_text][\/et_pb_column_inner][et_pb_column_inner type=&#8220;1_2&#8243; saved_specialty_column_type=&#8220;1_2&#8243; _builder_version=&#8220;4.16&#8243; _module_preset=&#8220;default&#8220; global_colors_info=&#8220;{}&#8220;][et_pb_text admin_label=&#8220;adresse&#8220; _builder_version=&#8220;4.16&#8243; _module_preset=&#8220;default&#8220; text_text_color=&#8220;gcid-564a62f8-08b5-4913-a77f-a4cb0ddc3962&#8243; header_text_color=&#8220;gcid-564a62f8-08b5-4913-a77f-a4cb0ddc3962&#8243; header_2_text_color=&#8220;gcid-564a62f8-08b5-4913-a77f-a4cb0ddc3962&#8243; custom_margin=&#8220;3px|||||&#8220; global_colors_info=&#8220;{%22gcid-564a62f8-08b5-4913-a77f-a4cb0ddc3962%22:%91%22text_text_color%22,%22header_text_color%22,%22header_2_text_color%22%93}&#8220;]<\/p>\n<h2 class=\"mobile-portrait-row adress\" style=\"text-align: left;\"><span itemprop=\"streetAddress\">Adresse<\/span><\/h2>\n<div class=\"mobile-portrait-row adress\" style=\"text-align: left;\"><span>Pranzing 50<\/span><\/div>\n<div class=\"mobile-portrait-row adress\" style=\"text-align: left;\"><span>4861 Aurach am Hongar<\/span><\/div>\n<p>[\/et_pb_text][\/et_pb_column_inner][\/et_pb_row_inner][\/et_pb_column][\/et_pb_section]<\/p>\n","protected":false},"excerpt":{"rendered":"<p>Schwarz\u00e4ugl ITS&amp;T Mechanische Verfahrenstechnik IndustrievertretungenChemie Herstellung von Massen- und Spezialchemikalien, Polymere und biobasierte Produkte, D\u00fcngemittel, Pflanzenschutzmittel,&#8230;\u00a0 Folgende Produkte werden f\u00fcr diese Anwendung eingesetzt:Absatzweise oder kontinuierlich betriebene Reaktoren haben unterschiedliche Anforderungen an die R\u00fchrwerke: zur optimalen Durchmischung der fl\u00fcssigen und festen Bestandteile kommt der Stoff\u00fcbergang in mehrphasigen Systemen und die Zu- oder Abfuhr der Reaktionsw\u00e4rme. Die [&hellip;]<\/p>\n","protected":false},"author":1,"featured_media":0,"parent":0,"menu_order":0,"comment_status":"closed","ping_status":"closed","template":"","meta":{"_et_pb_use_builder":"on","_et_pb_old_content":"","_et_gb_content_width":"","_monsterinsights_skip_tracking":false,"_monsterinsights_sitenote_active":false,"_monsterinsights_sitenote_note":"","_monsterinsights_sitenote_category":0,"footnotes":""},"class_list":["post-454","page","type-page","status-publish","hentry"],"_links":{"self":[{"href":"https:\/\/www.schwarzaeugl.at\/en\/wp-json\/wp\/v2\/pages\/454","targetHints":{"allow":["GET"]}}],"collection":[{"href":"https:\/\/www.schwarzaeugl.at\/en\/wp-json\/wp\/v2\/pages"}],"about":[{"href":"https:\/\/www.schwarzaeugl.at\/en\/wp-json\/wp\/v2\/types\/page"}],"author":[{"embeddable":true,"href":"https:\/\/www.schwarzaeugl.at\/en\/wp-json\/wp\/v2\/users\/1"}],"replies":[{"embeddable":true,"href":"https:\/\/www.schwarzaeugl.at\/en\/wp-json\/wp\/v2\/comments?post=454"}],"version-history":[{"count":13,"href":"https:\/\/www.schwarzaeugl.at\/en\/wp-json\/wp\/v2\/pages\/454\/revisions"}],"predecessor-version":[{"id":232726,"href":"https:\/\/www.schwarzaeugl.at\/en\/wp-json\/wp\/v2\/pages\/454\/revisions\/232726"}],"wp:attachment":[{"href":"https:\/\/www.schwarzaeugl.at\/en\/wp-json\/wp\/v2\/media?parent=454"}],"curies":[{"name":"wp","href":"https:\/\/api.w.org\/{rel}","templated":true}]}}