{"id":484,"date":"2021-05-27T14:37:41","date_gmt":"2021-05-27T14:37:41","guid":{"rendered":"https:\/\/webdesign.jolanda-hofmann.site\/?page_id=484"},"modified":"2026-01-16T20:23:58","modified_gmt":"2026-01-16T20:23:58","slug":"sits-t","status":"publish","type":"page","link":"https:\/\/www.schwarzaeugl.at\/en\/sits-t\/","title":{"rendered":"SITS-T"},"content":{"rendered":"<p>[et_pb_section fb_built=&#8220;1&#8243; admin_label=&#8220;header&#8220; _builder_version=&#8220;4.16&#8243; _module_preset=&#8220;default&#8220; use_background_color_gradient=&#8220;on&#8220; background_color_gradient_stops=&#8220;#ffffff 0%|rgba(0,0,0,0.76) 100%&#8220; background_color_gradient_overlays_image=&#8220;on&#8220; background_color_gradient_start=&#8220;#ffffff&#8220; background_color_gradient_end=&#8220;rgba(0,0,0,0.76)&#8220; background_image=&#8220;https:\/\/www.schwarzaeugl.at\/wp-content\/uploads\/2021\/06\/AdobeStock_55886489-scaled.jpeg&#8220; background_position=&#8220;top_center&#8220; custom_padding=&#8220;||3px|||&#8220; background_last_edited=&#8220;on|phone&#8220; background_color_gradient_stops_phone=&#8220;#ffffff 0%|rgba(0,0,0,0.76) 90%&#8220; background_color_gradient_end_position_phone=&#8220;90%&#8220; collapsed=&#8220;on&#8220; global_colors_info=&#8220;{}&#8220; da_is_popup=&#8220;off&#8220; da_exit_intent=&#8220;off&#8220; da_has_close=&#8220;on&#8220; da_alt_close=&#8220;off&#8220; da_dark_close=&#8220;off&#8220; da_not_modal=&#8220;on&#8220; da_is_singular=&#8220;off&#8220; da_with_loader=&#8220;off&#8220; da_has_shadow=&#8220;on&#8220; da_disable_devices=&#8220;off|off|off&#8220;][et_pb_row custom_padding_last_edited=&#8220;on|phone&#8220; _builder_version=&#8220;4.16&#8243; _module_preset=&#8220;default&#8220; custom_padding=&#8220;7px||47px|||&#8220; custom_padding_tablet=&#8220;&#8220; custom_padding_phone=&#8220;30px||69px||false|false&#8220; global_colors_info=&#8220;{}&#8220;][et_pb_column type=&#8220;4_4&#8243; _builder_version=&#8220;4.16&#8243; _module_preset=&#8220;default&#8220; global_colors_info=&#8220;{}&#8220;][et_pb_text _builder_version=&#8220;4.16&#8243; _module_preset=&#8220;default&#8220; header_text_color=&#8220;gcid-564a62f8-08b5-4913-a77f-a4cb0ddc3962&#8243; header_font_size=&#8220;93px&#8220; header_2_text_color=&#8220;#FFFFFF&#8220; header_2_font_size=&#8220;40px&#8220; custom_margin=&#8220;-52px|||||&#8220; header_font_size_tablet=&#8220;&#8220; header_font_size_phone=&#8220;40px&#8220; header_font_size_last_edited=&#8220;on|phone&#8220; header_2_font_size_tablet=&#8220;&#8220; header_2_font_size_phone=&#8220;20px&#8220; header_2_font_size_last_edited=&#8220;on|phone&#8220; global_colors_info=&#8220;{%22gcid-36b050bc-04ff-4213-b4cd-bd33d87865a5%22:%91%93,%22gcid-564a62f8-08b5-4913-a77f-a4cb0ddc3962%22:%91%22header_text_color%22%93}&#8220;]<\/p>\n<h1 style=\"text-align: center;\"><span>Schwarz\u00e4ugl ITS&amp;T<\/span><\/h1>\n<h2 style=\"text-align: center;\"><span>Mechanische Verfahrenstechnik<\/span><\/h2>\n<h2 style=\"text-align: center;\"><span>Industrievertretungen<\/span><\/h2>\n<p>[\/et_pb_text][\/et_pb_column][\/et_pb_row][\/et_pb_section][et_pb_section fb_built=&#8220;1&#8243; admin_label=&#8220;\u00fcber uns&#8220; _builder_version=&#8220;4.16&#8243; _module_preset=&#8220;default&#8220; custom_padding=&#8220;||20px|||&#8220; global_colors_info=&#8220;{}&#8220; da_is_popup=&#8220;off&#8220; da_exit_intent=&#8220;off&#8220; da_has_close=&#8220;on&#8220; da_alt_close=&#8220;off&#8220; da_dark_close=&#8220;off&#8220; da_not_modal=&#8220;on&#8220; da_is_singular=&#8220;off&#8220; da_with_loader=&#8220;off&#8220; da_has_shadow=&#8220;on&#8220; da_disable_devices=&#8220;off|off|off&#8220;][et_pb_row _builder_version=&#8220;4.16&#8243; _module_preset=&#8220;default&#8220; global_colors_info=&#8220;{}&#8220;][et_pb_column type=&#8220;4_4&#8243; _builder_version=&#8220;4.16&#8243; _module_preset=&#8220;default&#8220; global_colors_info=&#8220;{}&#8220;][et_pb_text _builder_version=&#8220;4.16&#8243; _module_preset=&#8220;default&#8220; global_colors_info=&#8220;{}&#8220;]<\/p>\n<h1 style=\"text-align: center;\"><\/h1>\n<h1 style=\"text-align: center;\">\u00dcber Uns<\/h1>\n<div arial=\"\" helvetica=\"\" sans-serif=\"\" font-size:=\"\" 12=\"\" 8px=\"\" background-color:=\"\" ffffff=\"\" style=\"text-align: center;\"><\/div>\n<div arial=\"\" helvetica=\"\" sans-serif=\"\" font-size:=\"\" 12=\"\" 8px=\"\" background-color:=\"\" ffffff=\"\" style=\"text-align: center;\"><\/div>\n<div arial=\"\" helvetica=\"\" sans-serif=\"\" font-size:=\"\" 12=\"\" 8px=\"\" background-color:=\"\" ffffff=\"\" style=\"text-align: center;\"><\/div>\n<div arial=\"\" helvetica=\"\" sans-serif=\"\" font-size:=\"\" 12=\"\" 8px=\"\" background-color:=\"\" ffffff=\"\" style=\"text-align: center;\"><\/div>\n<div arial=\"\" helvetica=\"\" sans-serif=\"\" font-size:=\"\" 12=\"\" 8px=\"\" background-color:=\"\" ffffff=\"\" style=\"text-align: center;\"><\/div>\n<div arial=\"\" helvetica=\"\" sans-serif=\"\" font-size:=\"\" 12=\"\" 8px=\"\" background-color:=\"\" ffffff=\"\" style=\"text-align: center;\">\n<p style=\"text-align: justify;\"><span>Das im Jahr 1996 gegr\u00fcndete Unternehmen mit Sitz in Aurach am Hongar ist am \u00f6sterreichischen Markt sowie Slowenien und Bulgarien t\u00e4tig. <\/span><\/p>\n<p style=\"text-align: justify;\"><span>Unsere Kunden und Partner profitieren von unserer langj\u00e4hrigen Erfahrung und Know-how in den unterschiedlichsten Anwendungen der Prozessindustrie. <\/span><span style=\"font-size: 16px;\">Die Kooperationen mit namhaften Lieferanten basieren auf einer langj\u00e4hrigen Zusammenarbeit. <\/span><span style=\"font-size: 16px;\">Diese Partnerschaften garantieren eine optimale Kundenbetreuung unterst\u00fctzt durch ein erfahrenes Team an Ingenieuren und Technikern.<\/span><\/p>\n<p style=\"text-align: justify;\"><span><\/span><\/p>\n<p style=\"text-align: justify;\"><span style=\"font-size: 16px;\">Wir sind Ihr verl\u00e4sslicher Partner, wenn es um die Aufgaben <strong>R\u00fchren, Mischen, Trocknen, Dispergieren, Mahlen, Filtrieren, <\/strong><\/span><strong><span style=\"font-size: 16px;\">Separieren, Verladen <\/span><\/strong><span style=\"font-size: 16px;\"><strong>sowie Doppelklappensysteme f\u00fcr die staubfreie Bef\u00fcllung und Entleerung<\/strong> geht.<\/span><\/p>\n<p style=\"text-align: justify;\">Gerne stehen wir Ihnen f\u00fcr ein Fachgespr\u00e4ch vor Ort zur Verf\u00fcgung.<\/p>\n<\/div>\n<p>[\/et_pb_text][\/et_pb_column][\/et_pb_row][\/et_pb_section][et_pb_section fb_built=&#8220;1&#8243; fullwidth=&#8220;on&#8220; admin_label=&#8220;news&#8220; _builder_version=&#8220;4.16&#8243; _module_preset=&#8220;default&#8220; hover_enabled=&#8220;0&#8243; global_colors_info=&#8220;{}&#8220; sticky_enabled=&#8220;0&#8243; da_is_popup=&#8220;off&#8220; da_exit_intent=&#8220;off&#8220; da_has_close=&#8220;on&#8220; da_alt_close=&#8220;off&#8220; da_dark_close=&#8220;off&#8220; da_not_modal=&#8220;on&#8220; da_is_singular=&#8220;off&#8220; da_with_loader=&#8220;off&#8220; da_has_shadow=&#8220;on&#8220; da_disable_devices=&#8220;off|off|off&#8220;][et_pb_fullwidth_post_slider show_meta=&#8220;off&#8220; _builder_version=&#8220;4.27.4&#8243; _module_preset=&#8220;default&#8220; header_font_size=&#8220;46px&#8220; custom_margin=&#8220;||0px|||&#8220; global_colors_info=&#8220;{}&#8220;][\/et_pb_fullwidth_post_slider][\/et_pb_section][et_pb_section fb_built=&#8220;1&#8243; admin_label=&#8220;lieferanten&#8220; _builder_version=&#8220;4.16&#8243; _module_preset=&#8220;default&#8220; background_color=&#8220;#FFFFFF&#8220; custom_padding=&#8220;||1px|||&#8220; global_colors_info=&#8220;{}&#8220; da_is_popup=&#8220;off&#8220; da_exit_intent=&#8220;off&#8220; da_has_close=&#8220;on&#8220; da_alt_close=&#8220;off&#8220; da_dark_close=&#8220;off&#8220; da_not_modal=&#8220;on&#8220; da_is_singular=&#8220;off&#8220; da_with_loader=&#8220;off&#8220; da_has_shadow=&#8220;on&#8220; da_disable_devices=&#8220;off|off|off&#8220;][et_pb_row _builder_version=&#8220;4.16&#8243; _module_preset=&#8220;default&#8220; custom_margin=&#8220;-17px|auto||auto||&#8220; global_colors_info=&#8220;{}&#8220;][et_pb_column type=&#8220;4_4&#8243; _builder_version=&#8220;4.16&#8243; _module_preset=&#8220;default&#8220; global_colors_info=&#8220;{}&#8220;][et_pb_text _builder_version=&#8220;4.16&#8243; _module_preset=&#8220;default&#8220; background_color=&#8220;RGBA(0,0,0,0)&#8220; global_colors_info=&#8220;{%22gcid-085f990c-29c0-475b-95a2-014996d33f95%22:%91%93}&#8220;]<\/p>\n<h1 style=\"text-align: center;\">Unsere Lieferanten<\/h1>\n<p>[\/et_pb_text][\/et_pb_column][\/et_pb_row][et_pb_row column_structure=&#8220;1_3,1_3,1_3&#8243; _builder_version=&#8220;4.16&#8243; _module_preset=&#8220;default&#8220; global_colors_info=&#8220;{}&#8220;][et_pb_column type=&#8220;1_3&#8243; _builder_version=&#8220;4.16&#8243; _module_preset=&#8220;default&#8220; global_colors_info=&#8220;{}&#8220;][et_pb_image src=&#8220;https:\/\/www.schwarzaeugl.at\/wp-content\/uploads\/2025\/05\/ekato.png&#8220; alt=&#8220;Logo Ekato in Farbe&#8220; title_text=&#8220;Ekato&#8220; url=&#8220;https:\/\/www.ekato.com\/de\/home-de\/&#8220; url_new_window=&#8220;on&#8220; align=&#8220;center&#8220; _builder_version=&#8220;4.27.4&#8243; _module_preset=&#8220;default&#8220; transform_scale=&#8220;122%|122%&#8220; transform_translate=&#8220;-19px|37px&#8220; transform_translate_linked=&#8220;off&#8220; module_alignment=&#8220;center&#8220; max_height=&#8220;425px&#8220; global_colors_info=&#8220;{}&#8220; src__hover_enabled=&#8220;off|desktop&#8220;][\/et_pb_image][\/et_pb_column][et_pb_column type=&#8220;1_3&#8243; _builder_version=&#8220;4.16&#8243; _module_preset=&#8220;default&#8220; global_colors_info=&#8220;{}&#8220;][et_pb_image src=&#8220;https:\/\/www.schwarzaeugl.at\/wp-content\/uploads\/2025\/05\/russell_finex.png&#8220; alt=&#8220;Logo Russel in Farbe&#8220; title_text=&#8220;russell_finex&#8220; url=&#8220;https:\/\/www.russellfinex.com\/de\/&#8220; url_new_window=&#8220;on&#8220; align=&#8220;center&#8220; src_tablet=&#8220;https:\/\/www.schwarzaeugl.at\/wp-content\/uploads\/2021\/05\/russell_Zeichenflaeche-1.png&#8220; src_phone=&#8220;https:\/\/www.schwarzaeugl.at\/wp-content\/uploads\/2021\/05\/russell_Zeichenflaeche-1.png&#8220; src_last_edited=&#8220;on|desktop&#8220; _builder_version=&#8220;4.27.4&#8243; _module_preset=&#8220;default&#8220; transform_translate=&#8220;17px|0px&#8220; transform_translate_linked=&#8220;off&#8220; max_height=&#8220;1000px&#8220; global_colors_info=&#8220;{}&#8220; src__hover_enabled=&#8220;off|hover&#8220;][\/et_pb_image][\/et_pb_column][et_pb_column type=&#8220;1_3&#8243; _builder_version=&#8220;4.16&#8243; _module_preset=&#8220;default&#8220; global_colors_info=&#8220;{}&#8220;][et_pb_image src=&#8220;https:\/\/www.schwarzaeugl.at\/wp-content\/uploads\/2025\/04\/bhs_logo_rgb.jpg&#8220; alt=&#8220;BHS Sonthofen&#8220; title_text=&#8220;bhs_logo_rgb&#8220; url=&#8220;https:\/\/www.bhs-sonthofen.de&#8220; url_new_window=&#8220;on&#8220; src_last_edited=&#8220;off|desktop&#8220; _builder_version=&#8220;4.27.4&#8243; _module_preset=&#8220;default&#8220; transform_translate=&#8220;50px|0px&#8220; transform_translate_linked=&#8220;off&#8220; width=&#8220;200px&#8220; max_width=&#8220;250px&#8220; module_alignment=&#8220;center&#8220; max_height=&#8220;177px&#8220; global_colors_info=&#8220;{}&#8220;][\/et_pb_image][\/et_pb_column][\/et_pb_row][et_pb_row column_structure=&#8220;1_3,1_3,1_3&#8243; _builder_version=&#8220;4.27.4&#8243; _module_preset=&#8220;default&#8220; global_colors_info=&#8220;{}&#8220;][et_pb_column type=&#8220;1_3&#8243; _builder_version=&#8220;4.27.4&#8243; _module_preset=&#8220;default&#8220; global_colors_info=&#8220;{}&#8220;][et_pb_image src=&#8220;https:\/\/www.schwarzaeugl.at\/wp-content\/uploads\/2021\/05\/images-2.png&#8220; alt=&#8220;Niemann Logo&#8220; title_text=&#8220;images-2&#8243; url=&#8220;https:\/\/www.niemann.de\/de\/&#8220; url_new_window=&#8220;on&#8220; force_fullwidth=&#8220;on&#8220; _builder_version=&#8220;4.27.4&#8243; _module_preset=&#8220;default&#8220; transform_translate=&#8220;-30px|0px&#8220; transform_translate_linked=&#8220;off&#8220; max_height=&#8220;370px&#8220; global_colors_info=&#8220;{}&#8220;][\/et_pb_image][\/et_pb_column][et_pb_column type=&#8220;1_3&#8243; _builder_version=&#8220;4.16&#8243; _module_preset=&#8220;default&#8220; global_colors_info=&#8220;{}&#8220;][et_pb_image src=&#8220;https:\/\/www.schwarzaeugl.at\/wp-content\/uploads\/2021\/05\/iga_tec_Zeichenflaeche-1.png&#8220; alt=&#8220;IGA TEC Logo&#8220; title_text=&#8220;logo_iga_tec&#8220; url=&#8220;https:\/\/igatec.de&#8220; url_new_window=&#8220;on&#8220; align=&#8220;center&#8220; _builder_version=&#8220;4.27.4&#8243; _module_preset=&#8220;default&#8220; transform_scale=&#8220;127%|127%&#8220; module_alignment=&#8220;center&#8220; global_colors_info=&#8220;{}&#8220; src__hover_enabled=&#8220;on|desktop&#8220; src__hover=&#8220;&#8220;][\/et_pb_image][\/et_pb_column][et_pb_column type=&#8220;1_3&#8243; _builder_version=&#8220;4.27.4&#8243; _module_preset=&#8220;default&#8220; global_colors_info=&#8220;{}&#8220;][et_pb_image src=&#8220;https:\/\/www.schwarzaeugl.at\/wp-content\/uploads\/2025\/05\/Andocksysteme-logo.png&#8220; alt=&#8220;Logo Andocksysteme in Farbe&#8220; title_text=&#8220;Andocksysteme Logo&#8220; url=&#8220;https:\/\/andocksysteme.de&#8220; url_new_window=&#8220;on&#8220; show_bottom_space=&#8220;off&#8220; src_tablet=&#8220;https:\/\/www.schwarzaeugl.at\/wp-content\/uploads\/2021\/05\/andocksysteme_Zeichenflaeche-1-300&#215;300.png&#8220; src_phone=&#8220;https:\/\/www.schwarzaeugl.at\/wp-content\/uploads\/2021\/05\/andocksysteme_Zeichenflaeche-1-300&#215;300.png&#8220; src_last_edited=&#8220;on|desktop&#8220; _builder_version=&#8220;4.27.4&#8243; _module_preset=&#8220;default&#8220; transform_translate=&#8220;42px|94px&#8220; transform_translate_linked=&#8220;off&#8220; module_alignment=&#8220;center&#8220; min_height=&#8220;125px&#8220; global_colors_info=&#8220;{}&#8220; src__hover_enabled=&#8220;off|desktop&#8220;][\/et_pb_image][\/et_pb_column][\/et_pb_row][\/et_pb_section][et_pb_section fb_built=&#8220;1&#8243; specialty=&#8220;on&#8220; admin_label=&#8220;footer&#8220; _builder_version=&#8220;4.9.11&#8243; _module_preset=&#8220;default&#8220; background_color=&#8220;gcid-83bbbfa6-118f-4c15-8606-ff2147f4316a&#8220; background_enable_image=&#8220;off&#8220; custom_padding=&#8220;||41px|||&#8220; global_module=&#8220;360&#8243; saved_tabs=&#8220;all&#8220; global_colors_info=&#8220;{%22gcid-83bbbfa6-118f-4c15-8606-ff2147f4316a%22:%91%22background_color%22%93}&#8220; da_is_popup=&#8220;off&#8220; da_exit_intent=&#8220;off&#8220; da_has_close=&#8220;on&#8220; da_alt_close=&#8220;off&#8220; da_dark_close=&#8220;off&#8220; da_not_modal=&#8220;on&#8220; da_is_singular=&#8220;off&#8220; da_with_loader=&#8220;off&#8220; da_has_shadow=&#8220;on&#8220; da_disable_devices=&#8220;off|off|off&#8220;][et_pb_column type=&#8220;1_2&#8243; _builder_version=&#8220;4.16&#8243; custom_padding=&#8220;|||&#8220; global_colors_info=&#8220;{}&#8220; custom_padding__hover=&#8220;|||&#8220;][et_pb_map address=&#8220;Pranzing 50, 4861 Aurach am Hongar&#8220; zoom_level=&#8220;17&#8243; address_lat=&#8220;47.952905770807&#8243; address_lng=&#8220;13.662749180716&#8243; _builder_version=&#8220;4.27.4&#8243; _module_preset=&#8220;default&#8220; global_colors_info=&#8220;{}&#8220;][et_pb_map_pin title=&#8220;Schwarz\u00e4ugl SITS &#038; T GmbH&#8220; zoom_level=&#8220;17&#8243; pin_address_lat=&#8220;47.953141357401&#8243; pin_address_lng=&#8220;13.662625551224&#8243; _builder_version=&#8220;4.27.4&#8243; _module_preset=&#8220;default&#8220; global_colors_info=&#8220;{}&#8220;]<\/p>\n<p><img decoding=\"async\" src=\"https:\/\/www.schwarzaeugl.at\/wp-content\/uploads\/2021\/05\/logo_schwarzaeugl-2.png\" width=\"200\" alt=\"logo schwarzaeugl in blau und grau\" class=\"wp-image-25 alignnone size-full\" \/><br \/>Pranzing 50<br \/>4861 Aurach am Hongar<br \/><a href=\"http:\/\/www.schwarzaeugl.at\" target=\"_blank\" rel=\"noopener\">www.schwarzaeugl.at<\/a><\/p>\n<p>[\/et_pb_map_pin][\/et_pb_map][\/et_pb_column][et_pb_column type=&#8220;1_2&#8243; specialty_columns=&#8220;2&#8243; _builder_version=&#8220;4.16&#8243; custom_padding=&#8220;|||&#8220; global_colors_info=&#8220;{}&#8220; custom_padding__hover=&#8220;|||&#8220;][et_pb_row_inner admin_label=&#8220;titel&#8220; _builder_version=&#8220;4.16&#8243; _module_preset=&#8220;default&#8220; custom_padding=&#8220;||9px|||&#8220; global_colors_info=&#8220;{}&#8220;][et_pb_column_inner saved_specialty_column_type=&#8220;1_2&#8243; _builder_version=&#8220;4.16&#8243; _module_preset=&#8220;default&#8220; global_colors_info=&#8220;{}&#8220;][et_pb_text _builder_version=&#8220;4.27.4&#8243; _module_preset=&#8220;default&#8220; text_text_color=&#8220;#000000&#8243; header_text_color=&#8220;gcid-564a62f8-08b5-4913-a77f-a4cb0ddc3962&#8243; custom_margin=&#8220;||9px|||&#8220; global_colors_info=&#8220;{%22gcid-564a62f8-08b5-4913-a77f-a4cb0ddc3962%22:%91%22header_text_color%22%93}&#8220;]<\/p>\n<h1 style=\"text-align: left;\"><span>Schwarz\u00e4ugl SITS &amp; T GmbH<\/span><\/h1>\n<p>[\/et_pb_text][\/et_pb_column_inner][\/et_pb_row_inner][et_pb_row_inner column_structure=&#8220;1_2,1_2&#8243; admin_label=&#8220;informationen&#8220; _builder_version=&#8220;4.16&#8243; _module_preset=&#8220;default&#8220; custom_padding=&#8220;0px|||||&#8220; global_colors_info=&#8220;{}&#8220;][et_pb_column_inner type=&#8220;1_2&#8243; saved_specialty_column_type=&#8220;1_2&#8243; _builder_version=&#8220;4.16&#8243; _module_preset=&#8220;default&#8220; global_colors_info=&#8220;{}&#8220;][et_pb_text admin_label=&#8220;kontakt&#8220; _builder_version=&#8220;4.16&#8243; _module_preset=&#8220;default&#8220; text_text_color=&#8220;gcid-564a62f8-08b5-4913-a77f-a4cb0ddc3962&#8243; header_text_color=&#8220;gcid-564a62f8-08b5-4913-a77f-a4cb0ddc3962&#8243; header_2_text_color=&#8220;gcid-564a62f8-08b5-4913-a77f-a4cb0ddc3962&#8243; global_colors_info=&#8220;{%22gcid-564a62f8-08b5-4913-a77f-a4cb0ddc3962%22:%91%22text_text_color%22,%22header_text_color%22,%22header_2_text_color%22%93}&#8220;]<\/p>\n<h2 class=\"mobile-portrait-row adress\"><span itemprop=\"streetAddress\">Kontakt<\/span><\/h2>\n<div class=\"mobile-portrait-row adress\">\n<div class=\"mobile-portrait-row phone\">\n<div class=\"label-portrait\">Tel.: +43\u00a0<span itemprop=\"telephone\">7672 22422<\/span><\/div>\n<\/div>\n<div class=\"mobile-portrait-row fax\">\n<div class=\"label-portrait\">Fax: +43\u00a0<span itemprop=\"faxNumber\">7672 22422-4<\/span><\/div>\n<div class=\"label-portrait\">\n<div class=\"mobile-portrait-row mail\">\n<div class=\"label-portrait\">Mail: office@\u200bschwarzaeugl.at<\/div>\n<\/div>\n<div class=\"mobile-portrait-row url\">\n<div class=\"label-portrait\">Web: www.schwarzaeugl.at<\/div>\n<\/div>\n<p><span itemprop=\"faxNumber\"><\/span><\/p>\n<\/div>\n<\/div>\n<\/div>\n<p>[\/et_pb_text][et_pb_text admin_label=&#8220;adresse&#8220; _builder_version=&#8220;4.27.4&#8243; _module_preset=&#8220;default&#8220; text_text_color=&#8220;gcid-564a62f8-08b5-4913-a77f-a4cb0ddc3962&#8243; header_text_color=&#8220;#FFFFFF&#8220; header_2_text_color=&#8220;#FFFFFF&#8220; min_height=&#8220;54px&#8220; custom_margin=&#8220;3px|||||&#8220; global_colors_info=&#8220;{%22gcid-564a62f8-08b5-4913-a77f-a4cb0ddc3962%22:%91%22text_text_color%22%93}&#8220;]<\/p>\n<p><a href=\"https:\/\/www.schwarzaeugl.at\/impressum\/\"><span style=\"text-decoration: underline;\">Impressum<\/span><\/a><\/p>\n<p><a href=\"https:\/\/www.schwarzaeugl.at\/cookie-richtlinie-eu\/\"><span style=\"text-decoration: underline;\">Datenschutz<\/span><\/a><\/p>\n<p>[\/et_pb_text][\/et_pb_column_inner][et_pb_column_inner type=&#8220;1_2&#8243; saved_specialty_column_type=&#8220;1_2&#8243; _builder_version=&#8220;4.16&#8243; _module_preset=&#8220;default&#8220; global_colors_info=&#8220;{}&#8220;][et_pb_text admin_label=&#8220;adresse&#8220; _builder_version=&#8220;4.16&#8243; _module_preset=&#8220;default&#8220; text_text_color=&#8220;gcid-564a62f8-08b5-4913-a77f-a4cb0ddc3962&#8243; header_text_color=&#8220;gcid-564a62f8-08b5-4913-a77f-a4cb0ddc3962&#8243; header_2_text_color=&#8220;gcid-564a62f8-08b5-4913-a77f-a4cb0ddc3962&#8243; custom_margin=&#8220;3px|||||&#8220; global_colors_info=&#8220;{%22gcid-564a62f8-08b5-4913-a77f-a4cb0ddc3962%22:%91%22text_text_color%22,%22header_text_color%22,%22header_2_text_color%22%93}&#8220;]<\/p>\n<h2 class=\"mobile-portrait-row adress\" style=\"text-align: left;\"><span itemprop=\"streetAddress\">Adresse<\/span><\/h2>\n<div class=\"mobile-portrait-row adress\" style=\"text-align: left;\"><span>Pranzing 50<\/span><\/div>\n<div class=\"mobile-portrait-row adress\" style=\"text-align: left;\"><span>4861 Aurach am Hongar<\/span><\/div>\n<p>[\/et_pb_text][\/et_pb_column_inner][\/et_pb_row_inner][\/et_pb_column][\/et_pb_section]<\/p>\n","protected":false},"excerpt":{"rendered":"<p>Schwarz\u00e4ugl ITS&amp;T Mechanische Verfahrenstechnik Industrievertretungen \u00dcber Uns Das im Jahr 1996 gegr\u00fcndete Unternehmen mit Sitz in Aurach am Hongar ist am \u00f6sterreichischen Markt sowie Slowenien und Bulgarien t\u00e4tig. Unsere Kunden und Partner profitieren von unserer langj\u00e4hrigen Erfahrung und Know-how in den unterschiedlichsten Anwendungen der Prozessindustrie. Die Kooperationen mit namhaften Lieferanten basieren auf einer langj\u00e4hrigen Zusammenarbeit. [&hellip;]<\/p>\n","protected":false},"author":1,"featured_media":0,"parent":0,"menu_order":0,"comment_status":"closed","ping_status":"closed","template":"","meta":{"_et_pb_use_builder":"on","_et_pb_old_content":"","_et_gb_content_width":"","_monsterinsights_skip_tracking":false,"_monsterinsights_sitenote_active":false,"_monsterinsights_sitenote_note":"","_monsterinsights_sitenote_category":0,"footnotes":""},"class_list":["post-484","page","type-page","status-publish","hentry"],"_links":{"self":[{"href":"https:\/\/www.schwarzaeugl.at\/en\/wp-json\/wp\/v2\/pages\/484","targetHints":{"allow":["GET"]}}],"collection":[{"href":"https:\/\/www.schwarzaeugl.at\/en\/wp-json\/wp\/v2\/pages"}],"about":[{"href":"https:\/\/www.schwarzaeugl.at\/en\/wp-json\/wp\/v2\/types\/page"}],"author":[{"embeddable":true,"href":"https:\/\/www.schwarzaeugl.at\/en\/wp-json\/wp\/v2\/users\/1"}],"replies":[{"embeddable":true,"href":"https:\/\/www.schwarzaeugl.at\/en\/wp-json\/wp\/v2\/comments?post=484"}],"version-history":[{"count":35,"href":"https:\/\/www.schwarzaeugl.at\/en\/wp-json\/wp\/v2\/pages\/484\/revisions"}],"predecessor-version":[{"id":233214,"href":"https:\/\/www.schwarzaeugl.at\/en\/wp-json\/wp\/v2\/pages\/484\/revisions\/233214"}],"wp:attachment":[{"href":"https:\/\/www.schwarzaeugl.at\/en\/wp-json\/wp\/v2\/media?parent=484"}],"curies":[{"name":"wp","href":"https:\/\/api.w.org\/{rel}","templated":true}]}}