{"id":581,"date":"2021-05-28T18:06:53","date_gmt":"2021-05-28T18:06:53","guid":{"rendered":"https:\/\/webdesign.jolanda-hofmann.site\/?page_id=581"},"modified":"2025-11-14T15:56:42","modified_gmt":"2025-11-14T15:56:42","slug":"containment-spezialarmaturen","status":"publish","type":"page","link":"https:\/\/www.schwarzaeugl.at\/en\/containment-spezialarmaturen\/","title":{"rendered":"Containment &#038; Spezialarmaturen"},"content":{"rendered":"<p>[et_pb_section fb_built=&#8220;1&#8243; admin_label=&#8220;header&#8220; _builder_version=&#8220;4.16&#8243; _module_preset=&#8220;default&#8220; use_background_color_gradient=&#8220;on&#8220; background_color_gradient_stops=&#8220;#ffffff 0%|rgba(0,0,0,0.76) 100%&#8220; background_color_gradient_overlays_image=&#8220;on&#8220; background_color_gradient_start=&#8220;#ffffff&#8220; background_color_gradient_end=&#8220;rgba(0,0,0,0.76)&#8220; background_image=&#8220;https:\/\/www.schwarzaeugl.at\/wp-content\/uploads\/2021\/06\/AdobeStock_55886489-scaled.jpeg&#8220; custom_padding=&#8220;||3px|||&#8220; background_last_edited=&#8220;on|phone&#8220; background_color_gradient_stops_phone=&#8220;#ffffff 0%|rgba(0,0,0,0.76) 90%&#8220; background_color_gradient_end_position_phone=&#8220;90%&#8220; da_disable_devices=&#8220;off|off|off&#8220; global_colors_info=&#8220;{}&#8220; da_is_popup=&#8220;off&#8220; da_exit_intent=&#8220;off&#8220; da_has_close=&#8220;on&#8220; da_alt_close=&#8220;off&#8220; da_dark_close=&#8220;off&#8220; da_not_modal=&#8220;on&#8220; da_is_singular=&#8220;off&#8220; da_with_loader=&#8220;off&#8220; da_has_shadow=&#8220;on&#8220;][et_pb_row custom_padding_last_edited=&#8220;on|phone&#8220; _builder_version=&#8220;4.16&#8243; _module_preset=&#8220;default&#8220; custom_padding=&#8220;7px||47px|||&#8220; custom_padding_tablet=&#8220;&#8220; custom_padding_phone=&#8220;30px||69px||false|false&#8220; global_colors_info=&#8220;{}&#8220;][et_pb_column type=&#8220;4_4&#8243; _builder_version=&#8220;4.16&#8243; _module_preset=&#8220;default&#8220; global_colors_info=&#8220;{}&#8220;][et_pb_text _builder_version=&#8220;4.16&#8243; _module_preset=&#8220;default&#8220; header_text_color=&#8220;gcid-564a62f8-08b5-4913-a77f-a4cb0ddc3962&#8243; header_font_size=&#8220;93px&#8220; header_2_text_color=&#8220;#FFFFFF&#8220; header_2_font_size=&#8220;40px&#8220; custom_margin=&#8220;-52px|||||&#8220; header_font_size_tablet=&#8220;&#8220; header_font_size_phone=&#8220;40px&#8220; header_font_size_last_edited=&#8220;on|phone&#8220; header_2_font_size_tablet=&#8220;&#8220; header_2_font_size_phone=&#8220;20px&#8220; header_2_font_size_last_edited=&#8220;on|phone&#8220; global_colors_info=&#8220;{%22gcid-36b050bc-04ff-4213-b4cd-bd33d87865a5%22:%91%93,%22gcid-564a62f8-08b5-4913-a77f-a4cb0ddc3962%22:%91%22header_text_color%22%93}&#8220;]<\/p>\n<h1 style=\"text-align: center;\"><span>Schwarz\u00e4ugl ITS&amp;T<\/span><\/h1>\n<h2 style=\"text-align: center;\"><span>Mechanische Verfahrenstechnik<\/span><\/h2>\n<h2 style=\"text-align: center;\"><span>Industrievertretungen<\/span><\/h2>\n<p>[\/et_pb_text][\/et_pb_column][\/et_pb_row][\/et_pb_section][et_pb_section fb_built=&#8220;1&#8243; admin_label=&#8220;containerr\u00fchrwerke&#8220; _builder_version=&#8220;4.16&#8243; _module_preset=&#8220;default&#8220; background_color=&#8220;#FFFFFF&#8220; custom_padding=&#8220;||2px|||&#8220; da_disable_devices=&#8220;off|off|off&#8220; global_colors_info=&#8220;{}&#8220; da_is_popup=&#8220;off&#8220; da_exit_intent=&#8220;off&#8220; da_has_close=&#8220;on&#8220; da_alt_close=&#8220;off&#8220; da_dark_close=&#8220;off&#8220; da_not_modal=&#8220;on&#8220; da_is_singular=&#8220;off&#8220; da_with_loader=&#8220;off&#8220; da_has_shadow=&#8220;on&#8220;][et_pb_row column_structure=&#8220;1_2,1_2&#8243; _builder_version=&#8220;4.16&#8243; _module_preset=&#8220;default&#8220; custom_padding=&#8220;||0px|||&#8220; global_colors_info=&#8220;{}&#8220;][et_pb_column type=&#8220;1_2&#8243; _builder_version=&#8220;4.16&#8243; _module_preset=&#8220;default&#8220; global_colors_info=&#8220;{}&#8220;][et_pb_text _builder_version=&#8220;4.16&#8243; _module_preset=&#8220;default&#8220; header_font_size=&#8220;36px&#8220; custom_margin=&#8220;||25px|||&#8220; custom_padding=&#8220;||30px|||&#8220; global_colors_info=&#8220;{}&#8220;]<\/p>\n<h1 style=\"text-align: left;\">Containment &amp; Spezialarmaturen<\/h1>\n<p style=\"text-align: center;\"><strong><\/strong><\/p>\n<p style=\"text-align: justify;\"><strong>SITS<\/strong><span> ist Ihr verl\u00e4sslicher Partner, wenn es\u00a0<\/span><span>um die Aufgaben R\u00fchren, Mischen, Dispergieren, Sieben, Separieren, Filtern,\u00a0<\/span><span>Trocknen, Heizen, K\u00fchlen, Spezialarmaturen sowie Verladetechnik geht. \u00a0<\/span><span>Das umfangreiche Produktportfolio erm\u00f6glich uns, die optimale L\u00f6sung f\u00fcr Sie anzubieten. <\/span><\/p>\n<p style=\"text-align: justify;\"><span>Unsere Erfahrung sowie die langj\u00e4hrigen Kooperationen mit f\u00fchrenden Herstellern garantieren ein\u00a0<\/span><span>H\u00f6chstma\u00df\u00a0an Produktqualit\u00e4t und Sicherheit in der Prozessf\u00fchrung.<\/span><\/p>\n<p>[\/et_pb_text][\/et_pb_column][et_pb_column type=&#8220;1_2&#8243; _builder_version=&#8220;4.27.4&#8243; _module_preset=&#8220;default&#8220; global_colors_info=&#8220;{}&#8220;][et_pb_video src=&#8220;https:\/\/www.youtube.com\/embed\/CBJy0TqQf_U?referrerpolicy=&#8217;strict-origin-when-cross-origin'&#8220; _builder_version=&#8220;4.27.4&#8243; _module_preset=&#8220;default&#8220; global_colors_info=&#8220;{}&#8220;][\/et_pb_video][\/et_pb_column][\/et_pb_row][\/et_pb_section][et_pb_section fb_built=&#8220;1&#8243; admin_label=&#8220;galerie&#8220; _builder_version=&#8220;4.16&#8243; _module_preset=&#8220;default&#8220; background_color=&#8220;#003769&#8243; da_disable_devices=&#8220;off|off|off&#8220; global_colors_info=&#8220;{}&#8220; da_is_popup=&#8220;off&#8220; da_exit_intent=&#8220;off&#8220; da_has_close=&#8220;on&#8220; da_alt_close=&#8220;off&#8220; da_dark_close=&#8220;off&#8220; da_not_modal=&#8220;on&#8220; da_is_singular=&#8220;off&#8220; da_with_loader=&#8220;off&#8220; da_has_shadow=&#8220;on&#8220;][et_pb_row _builder_version=&#8220;4.16&#8243; _module_preset=&#8220;default&#8220; global_colors_info=&#8220;{}&#8220;][et_pb_column type=&#8220;4_4&#8243; _builder_version=&#8220;4.16&#8243; _module_preset=&#8220;default&#8220; global_colors_info=&#8220;{}&#8220;][et_pb_gallery gallery_ids=&#8220;585,594,584,597,598,601,602,593,591,592,603,610,608,609&#8243; orientation=&#8220;portrait&#8220; _builder_version=&#8220;4.16&#8243; _module_preset=&#8220;default&#8220; title_text_align=&#8220;center&#8220; title_text_color=&#8220;#FFFFFF&#8220; pagination_text_color=&#8220;#FFFFFF&#8220; text_orientation=&#8220;center&#8220; background_layout=&#8220;dark&#8220; global_colors_info=&#8220;{}&#8220;][\/et_pb_gallery][\/et_pb_column][\/et_pb_row][\/et_pb_section][et_pb_section fb_built=&#8220;1&#8243; admin_label=&#8220;akkordeon&#8220; _builder_version=&#8220;4.16&#8243; _module_preset=&#8220;default&#8220; da_disable_devices=&#8220;off|off|off&#8220; global_colors_info=&#8220;{}&#8220; da_is_popup=&#8220;off&#8220; da_exit_intent=&#8220;off&#8220; da_has_close=&#8220;on&#8220; da_alt_close=&#8220;off&#8220; da_dark_close=&#8220;off&#8220; da_not_modal=&#8220;on&#8220; da_is_singular=&#8220;off&#8220; da_with_loader=&#8220;off&#8220; da_has_shadow=&#8220;on&#8220;][et_pb_row _builder_version=&#8220;4.16&#8243; _module_preset=&#8220;default&#8220; global_colors_info=&#8220;{}&#8220;][et_pb_column type=&#8220;4_4&#8243; _builder_version=&#8220;4.16&#8243; _module_preset=&#8220;default&#8220; global_colors_info=&#8220;{}&#8220;][et_pb_accordion open_toggle_text_color=&#8220;#003B6A&#8220; closed_toggle_text_color=&#8220;#003B6A&#8220; icon_color=&#8220;#003B6A&#8220; _builder_version=&#8220;4.27.4&#8243; _module_preset=&#8220;default&#8220; toggle_text_color=&#8220;#003B6A&#8220; global_colors_info=&#8220;{}&#8220;][et_pb_accordion_item title=&#8220;AVAX Einweg Containment Doppelklappe&#8220; open=&#8220;on&#8220; _builder_version=&#8220;4.16&#8243; _module_preset=&#8220;default&#8220; global_colors_info=&#8220;{}&#8220;]<\/p>\n<p><span>AVAX ist die einzigartige und richtungsweisende neue Doppelklappen-Technologie der Andocksysteme. Komplett aus pharmazeutisch zugelassenen Kunststoffen gefertigt, repr\u00e4sentiert sie den Ursprung f\u00fcr eine neue Generation von <\/span><strong>Einweg Containment-Schnittstellen<\/strong><span>.\u00a0Konsequent als kongruent <\/span><strong>Passiv-Passiv-System<\/strong><span> ausgelegt, erm\u00f6glicht AVAX aufgrund der generellen Kompatibilit\u00e4t, die Verwendbarkeit in jeder gew\u00fcnschten Anwendung.\u00a0<\/span><\/p>\n<p>[\/et_pb_accordion_item][et_pb_accordion_item title=&#8220;ACUBE Einweg Prim\u00e4rpackmittel&#8220; _builder_version=&#8220;4.16&#8243; _module_preset=&#8220;default&#8220; global_colors_info=&#8220;{}&#8220; open=&#8220;off&#8220;]<\/p>\n<p><span>ACUBE ist ein ganzheitliches <\/span><strong>Einweg-Containment-System<\/strong><span>, welches eine intelligente und zweckm\u00e4\u00dfige Weiterentwicklung einer <\/span><strong>flexiblen Verpackungseinheit<\/strong><span> darstellt. Es erf\u00fcllt alle Kundenanforderungen hinsichtlich einer Prim\u00e4r-, als auch einer Transportverpackung. Bestehend aus zwei unabh\u00e4ngigen Liner-Systemen steht ACUBE f\u00fcr Flexibilit\u00e4t und Robustheit. Der Innere Liner dient als Produktgebinde undn sch\u00fctzt das Produkt vor Umwelteinfl\u00fcssen und umgekehrt. Der \u00e4u\u00dfere Liner ist ein verst\u00e4rktes Schutzgewebe das hervorragend mechanischen Belastungen widersteht.<\/span><\/p>\n<p>[\/et_pb_accordion_item][et_pb_accordion_item title=&#8220;ACLAMP Einweg Tri Clamp Klammer&#8220; _builder_version=&#8220;4.16&#8243; _module_preset=&#8220;default&#8220; global_colors_info=&#8220;{}&#8220; open=&#8220;off&#8220;]<\/p>\n<p><span>ACLAMP &#8211; ist die bahnbrechende Entwicklung f\u00fcr Flanschverbindungen. Es ist das Erste und einzig echte Einwegsystem auf dem Markt. Dieses einfache aber zweckm\u00e4\u00dfige Hilfsmittel, das nur aus zwei Bauteilen besteht, erm\u00f6glicht die Verbindung einer Vielzahl von Flanschgr\u00f6\u00dfen. Abgeleitet von dem bew\u00e4hrten Prinzip des Kabelbinders, erm\u00f6glicht ACLAMP die sichere und <\/span><strong>schnelle Verbindung<\/strong><span> von <\/span><strong>verschiedenen Flanschen und Stutzen<\/strong><span>.<\/span><\/p>\n<p>[\/et_pb_accordion_item][et_pb_accordion_item title=&#8220;ASBV-Doppelklappe&#8220; _builder_version=&#8220;4.16&#8243; _module_preset=&#8220;default&#8220; global_colors_info=&#8220;{}&#8220; open=&#8220;off&#8220;]<\/p>\n<p><span>Die ASBV-Doppelklappe bestellt aus zwei Klappenh\u00e4lften mit einer doppelten hochwertigen pr\u00e4zisen Lagerung. Die Passivklappe ist in der Regel an der Beh\u00e4lteroberseite als auch am Auslass montiert. Die Aktivklappe, die sowohl manuell als auch automatisch eingesetzt werden kann, ist stationsseitg an der Bef\u00fcll- bzw. Entleerstation integriert. Sie kann mit allen notwendigen Extrax ausgestattet werden. Die GMP-gerechten Verriegelungsdorne dienen bei dem Andockvorgang gleichzeitig zur Zentrierung der Aktiv- und Passivklappe zueinander. Nach dem Andocken werden die beiden Halbklappen gemeinsam ge\u00f6ffnet. Die Produkte werden somit immer unter geschlossenen Bedingungen hergestellt.<\/span><\/p>\n<p>[\/et_pb_accordion_item][et_pb_accordion_item title=&#8220;APORT Hybrid Armaturen f\u00fcr Prozess Containment&#8220; _builder_version=&#8220;4.16&#8243; _module_preset=&#8220;default&#8220; global_colors_info=&#8220;{}&#8220; open=&#8220;off&#8220;]<\/p>\n<p><span>In der API Produktion und speziell beim Feststoffhandling werden hohe Anforderungen an die Arbeits- und Betriebssicherheit gestellt. Offene Bef\u00fcll- und Entleervorg\u00e4nge geh\u00f6ren schon lange der Vergangenheit an. Aufgrund fortschrittlich hochaktiver Wirkstoffe, steigen auch die Anforderungen an deren Prim\u00e4rpackmittel. Ein modernes und zeitgem\u00e4sses Verpackungsmittel muss heute viele Funktionen erf\u00fcllen k\u00f6nnen: Single-use, Containment im Bereich OEB5 oder besser, kompatibel mit unterschiedlichen Bef\u00fcll- und Entleerschnittstellen, geeignet f\u00fcr eine einfache aber geschlossene Probeentnahme, UN-Gefahrgutzulassung und sogar Hybrid-Funktion erf\u00fcllen.<\/span><\/p>\n<p>[\/et_pb_accordion_item][et_pb_accordion_item title=&#8220;Kompensatoren B\u00e4lge&#8220; _builder_version=&#8220;4.16&#8243; _module_preset=&#8220;default&#8220; global_colors_info=&#8220;{}&#8220; open=&#8220;off&#8220;]<\/p>\n<p><span>Flexibel, robust und FDA-konform. Kompensatoren und B\u00e4lge werden in der Regel als Verbindungen zwischen Rohrleitungen und Prozessmaschinen eingesetzt. Sie werden alle aus eigenen Werkzeugen in verschiedenen L\u00e4ngen und St\u00e4rken hergestellt, so dass der Inndurchmesser immer dem Durchmesser der Rohrsysteme entspricht. Das ist ein wichtiger Faktor, gerade wenn diese ohne Demontage gereinigt werden m\u00fcssen &#8211; CIP, WIP.\u00a0\u00a0<\/span><\/p>\n<p>[\/et_pb_accordion_item][et_pb_accordion_item title=&#8220;Kugelsegmentschieber&#8220; _builder_version=&#8220;4.16&#8243; _module_preset=&#8220;default&#8220; global_colors_info=&#8220;{}&#8220; open=&#8220;off&#8220;]<\/p>\n<p><span class=\"subitem_text\">Ein Prozess ist ein schwieriges Terrain. F\u00fcr ein Kugelsegmentschieber eine l\u00f6sbare Aufgabe auch unter schwierigen Bedingungen. Erfahrung und hohe Fachkompetenz und ein gutes Engineering und nicht zuletzt eine perfekte Ausf\u00fchrung, sind die Bausteine dieser Armaturen f\u00fcr h\u00f6chste Anforderungen. Ein Kugelsegmentschieber besteht aus einem Geh\u00e4use und einem Kugelsegment, das mit einer doppelten, wartungsfreien Lagerung ausgestattet ist. Die Abdichtung erfolgt mittels aufblasbarer Dichtung. Durch das Schwenken des Segments um 90\u00b0, gibt dieses die volle \u00d6ffnung der Armatur in kurzer Zeit frei und erm\u00f6glicht somit, auch einem schwer flie\u00dfenden Produkt den freien Durchgang. Dabei schwenkt das Segment ber\u00fchrungsfrei in das kugelf\u00f6rmige Geh\u00e4use. Ein Kugelsegmentschieber kann sowohl als Ein- als auch als Auslassarmatur eingesetzt werden, und sich selbstverst\u00e4ndlich auch gegen den Produktstrom schlie\u00dfen.<\/span><\/p>\n<p>[\/et_pb_accordion_item][\/et_pb_accordion][\/et_pb_column][\/et_pb_row][\/et_pb_section][et_pb_section fb_built=&#8220;1&#8243; specialty=&#8220;on&#8220; admin_label=&#8220;footer&#8220; _builder_version=&#8220;4.9.11&#8243; _module_preset=&#8220;default&#8220; background_color=&#8220;gcid-83bbbfa6-118f-4c15-8606-ff2147f4316a&#8220; background_enable_image=&#8220;off&#8220; custom_padding=&#8220;||41px|||&#8220; da_disable_devices=&#8220;off|off|off&#8220; global_module=&#8220;360&#8243; saved_tabs=&#8220;all&#8220; global_colors_info=&#8220;{%22gcid-83bbbfa6-118f-4c15-8606-ff2147f4316a%22:%91%22background_color%22%93}&#8220; da_is_popup=&#8220;off&#8220; da_exit_intent=&#8220;off&#8220; da_has_close=&#8220;on&#8220; da_alt_close=&#8220;off&#8220; da_dark_close=&#8220;off&#8220; da_not_modal=&#8220;on&#8220; da_is_singular=&#8220;off&#8220; da_with_loader=&#8220;off&#8220; da_has_shadow=&#8220;on&#8220;][et_pb_column type=&#8220;1_2&#8243; _builder_version=&#8220;4.16&#8243; custom_padding=&#8220;|||&#8220; global_colors_info=&#8220;{}&#8220; custom_padding__hover=&#8220;|||&#8220;][et_pb_map address=&#8220;Pranzing 50, 4861 Aurach am Hongar&#8220; zoom_level=&#8220;17&#8243; address_lat=&#8220;47.952905770807&#8243; address_lng=&#8220;13.662749180716&#8243; _builder_version=&#8220;4.27.4&#8243; _module_preset=&#8220;default&#8220; global_colors_info=&#8220;{}&#8220;][et_pb_map_pin title=&#8220;Schwarz\u00e4ugl SITS &#038; T GmbH&#8220; zoom_level=&#8220;17&#8243; pin_address_lat=&#8220;47.953141357401&#8243; pin_address_lng=&#8220;13.662625551224&#8243; _builder_version=&#8220;4.27.4&#8243; _module_preset=&#8220;default&#8220; global_colors_info=&#8220;{}&#8220;]<\/p>\n<p><img decoding=\"async\" src=\"https:\/\/www.schwarzaeugl.at\/wp-content\/uploads\/2021\/05\/logo_schwarzaeugl-2.png\" width=\"200\" alt=\"logo schwarzaeugl in blau und grau\" class=\"wp-image-25 alignnone size-full\" \/><br \/>Pranzing 50<br \/>4861 Aurach am Hongar<br \/><a href=\"http:\/\/www.schwarzaeugl.at\" target=\"_blank\" rel=\"noopener\">www.schwarzaeugl.at<\/a><\/p>\n<p>[\/et_pb_map_pin][\/et_pb_map][\/et_pb_column][et_pb_column type=&#8220;1_2&#8243; specialty_columns=&#8220;2&#8243; _builder_version=&#8220;4.16&#8243; custom_padding=&#8220;|||&#8220; global_colors_info=&#8220;{}&#8220; custom_padding__hover=&#8220;|||&#8220;][et_pb_row_inner admin_label=&#8220;titel&#8220; _builder_version=&#8220;4.16&#8243; _module_preset=&#8220;default&#8220; custom_padding=&#8220;||9px|||&#8220; global_colors_info=&#8220;{}&#8220;][et_pb_column_inner saved_specialty_column_type=&#8220;1_2&#8243; _builder_version=&#8220;4.16&#8243; _module_preset=&#8220;default&#8220; global_colors_info=&#8220;{}&#8220;][et_pb_text _builder_version=&#8220;4.27.4&#8243; _module_preset=&#8220;default&#8220; text_text_color=&#8220;#000000&#8243; header_text_color=&#8220;gcid-564a62f8-08b5-4913-a77f-a4cb0ddc3962&#8243; custom_margin=&#8220;||9px|||&#8220; global_colors_info=&#8220;{%22gcid-564a62f8-08b5-4913-a77f-a4cb0ddc3962%22:%91%22header_text_color%22%93}&#8220;]<\/p>\n<h1 style=\"text-align: left;\"><span>Schwarz\u00e4ugl SITS &amp; T GmbH<\/span><\/h1>\n<p>[\/et_pb_text][\/et_pb_column_inner][\/et_pb_row_inner][et_pb_row_inner column_structure=&#8220;1_2,1_2&#8243; admin_label=&#8220;informationen&#8220; _builder_version=&#8220;4.16&#8243; _module_preset=&#8220;default&#8220; custom_padding=&#8220;0px|||||&#8220; global_colors_info=&#8220;{}&#8220;][et_pb_column_inner type=&#8220;1_2&#8243; saved_specialty_column_type=&#8220;1_2&#8243; _builder_version=&#8220;4.16&#8243; _module_preset=&#8220;default&#8220; global_colors_info=&#8220;{}&#8220;][et_pb_text admin_label=&#8220;kontakt&#8220; _builder_version=&#8220;4.16&#8243; _module_preset=&#8220;default&#8220; text_text_color=&#8220;gcid-564a62f8-08b5-4913-a77f-a4cb0ddc3962&#8243; header_text_color=&#8220;gcid-564a62f8-08b5-4913-a77f-a4cb0ddc3962&#8243; header_2_text_color=&#8220;gcid-564a62f8-08b5-4913-a77f-a4cb0ddc3962&#8243; global_colors_info=&#8220;{%22gcid-564a62f8-08b5-4913-a77f-a4cb0ddc3962%22:%91%22text_text_color%22,%22header_text_color%22,%22header_2_text_color%22%93}&#8220;]<\/p>\n<h2 class=\"mobile-portrait-row adress\"><span itemprop=\"streetAddress\">Kontakt<\/span><\/h2>\n<div class=\"mobile-portrait-row adress\">\n<div class=\"mobile-portrait-row phone\">\n<div class=\"label-portrait\">Tel.: +43\u00a0<span itemprop=\"telephone\">7672 22422<\/span><\/div>\n<\/div>\n<div class=\"mobile-portrait-row fax\">\n<div class=\"label-portrait\">Fax: +43\u00a0<span itemprop=\"faxNumber\">7672 22422-4<\/span><\/div>\n<div class=\"label-portrait\">\n<div class=\"mobile-portrait-row mail\">\n<div class=\"label-portrait\">Mail: office@\u200bschwarzaeugl.at<\/div>\n<\/div>\n<div class=\"mobile-portrait-row url\">\n<div class=\"label-portrait\">Web: www.schwarzaeugl.at<\/div>\n<\/div>\n<p><span itemprop=\"faxNumber\"><\/span><\/p>\n<\/div>\n<\/div>\n<\/div>\n<p>[\/et_pb_text][et_pb_text admin_label=&#8220;adresse&#8220; _builder_version=&#8220;4.27.4&#8243; _module_preset=&#8220;default&#8220; text_text_color=&#8220;gcid-564a62f8-08b5-4913-a77f-a4cb0ddc3962&#8243; header_text_color=&#8220;#FFFFFF&#8220; header_2_text_color=&#8220;#FFFFFF&#8220; min_height=&#8220;54px&#8220; custom_margin=&#8220;3px|||||&#8220; global_colors_info=&#8220;{%22gcid-564a62f8-08b5-4913-a77f-a4cb0ddc3962%22:%91%22text_text_color%22%93}&#8220;]<\/p>\n<p><a href=\"https:\/\/www.schwarzaeugl.at\/impressum\/\"><span style=\"text-decoration: underline;\">Impressum<\/span><\/a><\/p>\n<p><a href=\"https:\/\/www.schwarzaeugl.at\/cookie-richtlinie-eu\/\"><span style=\"text-decoration: underline;\">Datenschutz<\/span><\/a><\/p>\n<p>[\/et_pb_text][\/et_pb_column_inner][et_pb_column_inner type=&#8220;1_2&#8243; saved_specialty_column_type=&#8220;1_2&#8243; _builder_version=&#8220;4.16&#8243; _module_preset=&#8220;default&#8220; global_colors_info=&#8220;{}&#8220;][et_pb_text admin_label=&#8220;adresse&#8220; _builder_version=&#8220;4.16&#8243; _module_preset=&#8220;default&#8220; text_text_color=&#8220;gcid-564a62f8-08b5-4913-a77f-a4cb0ddc3962&#8243; header_text_color=&#8220;gcid-564a62f8-08b5-4913-a77f-a4cb0ddc3962&#8243; header_2_text_color=&#8220;gcid-564a62f8-08b5-4913-a77f-a4cb0ddc3962&#8243; custom_margin=&#8220;3px|||||&#8220; global_colors_info=&#8220;{%22gcid-564a62f8-08b5-4913-a77f-a4cb0ddc3962%22:%91%22text_text_color%22,%22header_text_color%22,%22header_2_text_color%22%93}&#8220;]<\/p>\n<h2 class=\"mobile-portrait-row adress\" style=\"text-align: left;\"><span itemprop=\"streetAddress\">Adresse<\/span><\/h2>\n<div class=\"mobile-portrait-row adress\" style=\"text-align: left;\"><span>Pranzing 50<\/span><\/div>\n<div class=\"mobile-portrait-row adress\" style=\"text-align: left;\"><span>4861 Aurach am Hongar<\/span><\/div>\n<p>[\/et_pb_text][\/et_pb_column_inner][\/et_pb_row_inner][\/et_pb_column][\/et_pb_section]<\/p>\n","protected":false},"excerpt":{"rendered":"<p>Schwarz\u00e4ugl ITS&amp;T Mechanische Verfahrenstechnik IndustrievertretungenContainment &amp; Spezialarmaturen SITS ist Ihr verl\u00e4sslicher Partner, wenn es\u00a0um die Aufgaben R\u00fchren, Mischen, Dispergieren, Sieben, Separieren, Filtern,\u00a0Trocknen, Heizen, K\u00fchlen, Spezialarmaturen sowie Verladetechnik geht. \u00a0Das umfangreiche Produktportfolio erm\u00f6glich uns, die optimale L\u00f6sung f\u00fcr Sie anzubieten. Unsere Erfahrung sowie die langj\u00e4hrigen Kooperationen mit f\u00fchrenden Herstellern garantieren ein\u00a0H\u00f6chstma\u00df\u00a0an Produktqualit\u00e4t und Sicherheit in der [&hellip;]<\/p>\n","protected":false},"author":1,"featured_media":0,"parent":0,"menu_order":0,"comment_status":"closed","ping_status":"closed","template":"","meta":{"_et_pb_use_builder":"on","_et_pb_old_content":"","_et_gb_content_width":"","_monsterinsights_skip_tracking":false,"_monsterinsights_sitenote_active":false,"_monsterinsights_sitenote_note":"","_monsterinsights_sitenote_category":0,"footnotes":""},"class_list":["post-581","page","type-page","status-publish","hentry"],"_links":{"self":[{"href":"https:\/\/www.schwarzaeugl.at\/en\/wp-json\/wp\/v2\/pages\/581","targetHints":{"allow":["GET"]}}],"collection":[{"href":"https:\/\/www.schwarzaeugl.at\/en\/wp-json\/wp\/v2\/pages"}],"about":[{"href":"https:\/\/www.schwarzaeugl.at\/en\/wp-json\/wp\/v2\/types\/page"}],"author":[{"embeddable":true,"href":"https:\/\/www.schwarzaeugl.at\/en\/wp-json\/wp\/v2\/users\/1"}],"replies":[{"embeddable":true,"href":"https:\/\/www.schwarzaeugl.at\/en\/wp-json\/wp\/v2\/comments?post=581"}],"version-history":[{"count":23,"href":"https:\/\/www.schwarzaeugl.at\/en\/wp-json\/wp\/v2\/pages\/581\/revisions"}],"predecessor-version":[{"id":233114,"href":"https:\/\/www.schwarzaeugl.at\/en\/wp-json\/wp\/v2\/pages\/581\/revisions\/233114"}],"wp:attachment":[{"href":"https:\/\/www.schwarzaeugl.at\/en\/wp-json\/wp\/v2\/media?parent=581"}],"curies":[{"name":"wp","href":"https:\/\/api.w.org\/{rel}","templated":true}]}}