{"id":623,"date":"2021-05-29T12:43:31","date_gmt":"2021-05-29T12:43:31","guid":{"rendered":"https:\/\/webdesign.jolanda-hofmann.site\/?page_id=623"},"modified":"2026-01-16T22:15:47","modified_gmt":"2026-01-16T22:15:47","slug":"dissolver-korbmuehlen","status":"publish","type":"page","link":"https:\/\/www.schwarzaeugl.at\/en\/dissolver-korbmuehlen\/","title":{"rendered":"Dissolver &#038; Korbm\u00fchlen"},"content":{"rendered":"<p>[et_pb_section fb_built=&#8220;1&#8243; admin_label=&#8220;header&#8220; _builder_version=&#8220;4.16&#8243; _module_preset=&#8220;default&#8220; use_background_color_gradient=&#8220;on&#8220; background_color_gradient_stops=&#8220;#ffffff 0%|rgba(0,0,0,0.76) 100%&#8220; background_color_gradient_overlays_image=&#8220;on&#8220; background_color_gradient_start=&#8220;#ffffff&#8220; background_color_gradient_end=&#8220;rgba(0,0,0,0.76)&#8220; background_image=&#8220;https:\/\/www.schwarzaeugl.at\/wp-content\/uploads\/2021\/05\/145.jpg&#8220; background_position=&#8220;top_center&#8220; custom_padding=&#8220;||3px|||&#8220; background_last_edited=&#8220;on|desktop&#8220; background_color_gradient_stops_phone=&#8220;#ffffff 0%|rgba(0,0,0,0.76) 90%&#8220; background_color_gradient_end_position_phone=&#8220;90%&#8220; da_disable_devices=&#8220;off|off|off&#8220; global_colors_info=&#8220;{}&#8220; da_is_popup=&#8220;off&#8220; da_exit_intent=&#8220;off&#8220; da_has_close=&#8220;on&#8220; da_alt_close=&#8220;off&#8220; da_dark_close=&#8220;off&#8220; da_not_modal=&#8220;on&#8220; da_is_singular=&#8220;off&#8220; da_with_loader=&#8220;off&#8220; da_has_shadow=&#8220;on&#8220;][et_pb_row custom_padding_last_edited=&#8220;on|phone&#8220; _builder_version=&#8220;4.16&#8243; _module_preset=&#8220;default&#8220; custom_padding=&#8220;7px||47px|||&#8220; custom_padding_tablet=&#8220;&#8220; custom_padding_phone=&#8220;30px||69px||false|false&#8220; global_colors_info=&#8220;{}&#8220;][et_pb_column type=&#8220;4_4&#8243; _builder_version=&#8220;4.16&#8243; _module_preset=&#8220;default&#8220; global_colors_info=&#8220;{}&#8220;][et_pb_text _builder_version=&#8220;4.16&#8243; _module_preset=&#8220;default&#8220; header_text_color=&#8220;gcid-564a62f8-08b5-4913-a77f-a4cb0ddc3962&#8243; header_font_size=&#8220;93px&#8220; header_2_text_color=&#8220;#FFFFFF&#8220; header_2_font_size=&#8220;40px&#8220; custom_margin=&#8220;-52px|||||&#8220; header_font_size_tablet=&#8220;&#8220; header_font_size_phone=&#8220;40px&#8220; header_font_size_last_edited=&#8220;on|phone&#8220; header_2_font_size_tablet=&#8220;&#8220; header_2_font_size_phone=&#8220;20px&#8220; header_2_font_size_last_edited=&#8220;on|phone&#8220; global_colors_info=&#8220;{%22gcid-36b050bc-04ff-4213-b4cd-bd33d87865a5%22:%91%93,%22gcid-564a62f8-08b5-4913-a77f-a4cb0ddc3962%22:%91%22header_text_color%22%93}&#8220;]<\/p>\n<h1 style=\"text-align: center;\"><span>Schwarz\u00e4ugl ITS&amp;T<\/span><\/h1>\n<h2 style=\"text-align: center;\"><span>Mechanische Verfahrenstechnik<\/span><\/h2>\n<h2 style=\"text-align: center;\"><span>Industrievertretungen<\/span><\/h2>\n<p>[\/et_pb_text][\/et_pb_column][\/et_pb_row][\/et_pb_section][et_pb_section fb_built=&#8220;1&#8243; admin_label=&#8220;dissolver&#8220; _builder_version=&#8220;4.16&#8243; _module_preset=&#8220;default&#8220; da_disable_devices=&#8220;off|off|off&#8220; global_colors_info=&#8220;{}&#8220; da_is_popup=&#8220;off&#8220; da_exit_intent=&#8220;off&#8220; da_has_close=&#8220;on&#8220; da_alt_close=&#8220;off&#8220; da_dark_close=&#8220;off&#8220; da_not_modal=&#8220;on&#8220; da_is_singular=&#8220;off&#8220; da_with_loader=&#8220;off&#8220; da_has_shadow=&#8220;on&#8220;][et_pb_row _builder_version=&#8220;4.27.4&#8243; _module_preset=&#8220;default&#8220; global_colors_info=&#8220;{}&#8220;][et_pb_column type=&#8220;4_4&#8243; _builder_version=&#8220;4.27.4&#8243; _module_preset=&#8220;default&#8220; global_colors_info=&#8220;{}&#8220;][et_pb_text _builder_version=&#8220;4.27.4&#8243; _module_preset=&#8220;default&#8220; global_colors_info=&#8220;{}&#8220;]<\/p>\n<h1 style=\"text-align: center;\">Dissolver &amp; Korbm\u00fchlen<\/h1>\n<p style=\"text-align: center;\">\n<p style=\"text-align: justify;\">Innovationen und kontinuierliche Weiterentwicklung haben die Maschinenfabrik Wilhelm Niemann zu einem der weltweit f\u00fchrenden Unternehmen im Bereich der Dispergier- und Feinmahltechnik gemacht. Seit dem Bau des ersten\u00a0<strong>KREIS-DISSOLVER\u00ae <\/strong>im Jahre 1963 folgten zahlreiche Patente, Erfindungen und Weiterentwicklungen. Dadurch wurde die Marktposition kontinuierlich gest\u00e4rkt und auf den In- und Auslandsmarkt ausgebaut.\u00a0<br \/>Die Erzeugnisse genie\u00dfen aufgrund der innovativen, kundenspezifischen L\u00f6sungen und allerh\u00f6chsten Qualit\u00e4tsanspr\u00fcchen, international einen ausgezeichneten Ruf.<\/p>\n<p style=\"text-align: justify;\"><span>Mehr als 5.000\u00a0<\/span><strong>KREIS-DISSOLVER\u00ae, KREIS-BASKET-MILL\u00ae\u00a0und\u00a0<\/strong><strong>KREIS-DISSOLVER\u00ae-BUTTERFLY\u00a0<\/strong><span>sind heute in fast allen L\u00e4ndern der Welt mit gro\u00dfem Erfolg im Einsatz. S\u00e4mtliche Maschinen sind auch in\u00a0ATEX-Ausf\u00fchrung erh\u00e4ltlich.\u00a0<\/span><\/p>\n<p>[\/et_pb_text][\/et_pb_column][\/et_pb_row][et_pb_row column_structure=&#8220;1_2,1_2&#8243; _builder_version=&#8220;4.27.4&#8243; _module_preset=&#8220;default&#8220; global_colors_info=&#8220;{}&#8220;][et_pb_column type=&#8220;1_2&#8243; _builder_version=&#8220;4.27.4&#8243; _module_preset=&#8220;default&#8220; global_colors_info=&#8220;{}&#8220;][et_pb_text _builder_version=&#8220;4.27.4&#8243; _module_preset=&#8220;default&#8220; global_colors_info=&#8220;{}&#8220;]<\/p>\n<h3><span style=\"color: #003366;\">Kreis-Dissolver\u00ae<\/span><\/h3>\n<p>&nbsp;<\/p>\n<p>sind schnelllaufende <strong>Hochleistungs-Dispergiermaschinen<\/strong> in station\u00e4rer Ausf\u00fchrung mit Leistungen von 2,2 bis 315 kW und eignen sich zum Mischen, Dispergieren, L\u00f6sen und Evakuieren von mittel-, bis hochviskosen Produkten. Kreis-Dissolver garantieren optimale Dispergierergebnisse in Verbindung mit kurzen Chargenzeiten durch den Einsatz von patentierter Doppelsogzahnscheibe, viskosit\u00e4tabh\u00e4ngiger Drehzahlsteuerung &#8222;Speed-Control&#8220;.<\/p>\n<p>[\/et_pb_text][\/et_pb_column][et_pb_column type=&#8220;1_2&#8243; _builder_version=&#8220;4.27.4&#8243; _module_preset=&#8220;default&#8220; global_colors_info=&#8220;{}&#8220;][et_pb_video src=&#8220;https:\/\/www.youtube.com\/embed\/ApJfMh4L55U?referrerpolicy=&#8217;strict-origin-when-cross-origin&#8217;&#038;loop=1&#8243; _builder_version=&#8220;4.27.4&#8243; _module_preset=&#8220;default&#8220; global_colors_info=&#8220;{}&#8220;][\/et_pb_video][\/et_pb_column][\/et_pb_row][et_pb_row _builder_version=&#8220;4.16&#8243; _module_preset=&#8220;default&#8220; global_colors_info=&#8220;{}&#8220;][et_pb_column type=&#8220;4_4&#8243; _builder_version=&#8220;4.16&#8243; _module_preset=&#8220;default&#8220; global_colors_info=&#8220;{}&#8220;][et_pb_text _builder_version=&#8220;4.27.4&#8243; _module_preset=&#8220;default&#8220; global_colors_info=&#8220;{}&#8220;]<\/p>\n<h3><\/h3>\n<p><strong>Ausf\u00fchrungen von Kreis-Dissolver<\/strong><\/p>\n<ul>\n<li>Standard KDV &#8211; Standarddissolver f\u00fcr Bodenaufstellung<\/li>\n<li>Aufbau KDV &#8211; Einbau des Dissolvers in Stahlb\u00fchne oder Geschossdecke<\/li>\n<li>Kompakt KDV &#8211; Einbau Kompakteinheit (Dissolver+Beh\u00e4lter) in Stahlb\u00fchne oder Geschossdecke<\/li>\n<li>Vakuum KDV &#8211; Standarddissolver f\u00fcr Bodenaufstellung in Vakuum-Ausf\u00fchrung<\/li>\n<li>Deckeneinbau KDV &#8211; Schwenkbarer Dissolver f\u00fcr 2,3 oder 4 Mischbeh\u00e4lter in Stahlb\u00fchne oder Geschossdecke verbaut<\/li>\n<li>Aufbau KDV Triple Shaft &#8211; Dissolver im Dreifachwellendesign (Dissolver, Helix und Abstreifer) in Stahlb\u00fchne oder Geschossdecke<\/li>\n<\/ul>\n<p><strong>Option<\/strong><\/p>\n<ul>\n<li>Rezepturgef\u00fchrte halb- und vollautomatische PC\/SPS-Steuerung<\/li>\n<\/ul>\n<p>[\/et_pb_text][\/et_pb_column][\/et_pb_row][\/et_pb_section][et_pb_section fb_built=&#8220;1&#8243; admin_label=&#8220;galerie&#8220; _builder_version=&#8220;4.27.4&#8243; _module_preset=&#8220;default&#8220; background_color=&#8220;#003769&#8243; da_disable_devices=&#8220;off|off|off&#8220; global_colors_info=&#8220;{}&#8220; da_is_popup=&#8220;off&#8220; da_exit_intent=&#8220;off&#8220; da_has_close=&#8220;on&#8220; da_alt_close=&#8220;off&#8220; da_dark_close=&#8220;off&#8220; da_not_modal=&#8220;on&#8220; da_is_singular=&#8220;off&#8220; da_with_loader=&#8220;off&#8220; da_has_shadow=&#8220;on&#8220;][et_pb_row _builder_version=&#8220;4.16&#8243; _module_preset=&#8220;default&#8220; global_colors_info=&#8220;{}&#8220;][et_pb_column type=&#8220;4_4&#8243; _builder_version=&#8220;4.16&#8243; _module_preset=&#8220;default&#8220; global_colors_info=&#8220;{}&#8220;][et_pb_gallery gallery_ids=&#8220;233229,233228,233227,233226,233225,233224,233223,233222,233221&#8243; orientation=&#8220;portrait&#8220; _builder_version=&#8220;4.27.4&#8243; _module_preset=&#8220;default&#8220; text_orientation=&#8220;center&#8220; background_layout=&#8220;dark&#8220; hover_enabled=&#8220;0&#8243; global_colors_info=&#8220;{}&#8220; sticky_enabled=&#8220;0&#8243;][\/et_pb_gallery][\/et_pb_column][\/et_pb_row][\/et_pb_section][et_pb_section fb_built=&#8220;1&#8243; admin_label=&#8220;arten dissovler&#8220; _builder_version=&#8220;4.16&#8243; _module_preset=&#8220;default&#8220; da_disable_devices=&#8220;off|off|off&#8220; global_colors_info=&#8220;{}&#8220; da_is_popup=&#8220;off&#8220; da_exit_intent=&#8220;off&#8220; da_has_close=&#8220;on&#8220; da_alt_close=&#8220;off&#8220; da_dark_close=&#8220;off&#8220; da_not_modal=&#8220;on&#8220; da_is_singular=&#8220;off&#8220; da_with_loader=&#8220;off&#8220; da_has_shadow=&#8220;on&#8220;][et_pb_row column_structure=&#8220;1_2,1_2&#8243; _builder_version=&#8220;4.27.4&#8243; _module_preset=&#8220;default&#8220; global_colors_info=&#8220;{}&#8220;][et_pb_column type=&#8220;1_2&#8243; _builder_version=&#8220;4.27.4&#8243; _module_preset=&#8220;default&#8220; global_colors_info=&#8220;{}&#8220;][et_pb_text _builder_version=&#8220;4.27.4&#8243; _module_preset=&#8220;default&#8220; global_colors_info=&#8220;{}&#8220;]<\/p>\n<h3><span style=\"color: #003366;\">Kreis-Basket-Mill<\/span><span style=\"color: #003366;\">\u00ae<\/span><\/h3>\n<p>&nbsp;<\/p>\n<p>sind Hochleistungs-M\u00fchle zur <strong>Feinstvermahlung im Batchbetrieb<\/strong> mit Leistungen von 2,2 bis 160 kW. Sie eignen sich zur Feinstdispergierung\/- mahlung von niedrig- bis mittelviskosen Produkten und es kann eine Endfeinheit von &lt; 5 \u00b5 erreicht werden. Als Sonderausf\u00fchrung gibt es die Kreis-Basket-Mill<strong>\u00ae<\/strong>\u00a0auch mit einem gasdichten Deckelsystem und\/oder mit der\u00a0neuen Ringspalttechnologie.<\/p>\n<p>[\/et_pb_text][\/et_pb_column][et_pb_column type=&#8220;1_2&#8243; _builder_version=&#8220;4.27.4&#8243; _module_preset=&#8220;default&#8220; global_colors_info=&#8220;{}&#8220;][et_pb_video src=&#8220;https:\/\/www.youtube.com\/embed\/Srlkwnkdc6M?referrerpolicy=&#8217;strict-origin-when-cross-origin&#8217;&#038;loop=1&#8243; _builder_version=&#8220;4.27.4&#8243; _module_preset=&#8220;default&#8220; global_colors_info=&#8220;{}&#8220;][\/et_pb_video][\/et_pb_column][\/et_pb_row][et_pb_row column_structure=&#8220;1_2,1_2&#8243; _builder_version=&#8220;4.27.4&#8243; _module_preset=&#8220;default&#8220; global_colors_info=&#8220;{}&#8220;][et_pb_column type=&#8220;1_2&#8243; _builder_version=&#8220;4.27.4&#8243; _module_preset=&#8220;default&#8220; global_colors_info=&#8220;{}&#8220;][et_pb_text _builder_version=&#8220;4.27.4&#8243; _module_preset=&#8220;default&#8220; global_colors_info=&#8220;{}&#8220;]<\/p>\n<h3><\/h3>\n<p><strong>Merkmale<\/strong><\/p>\n<ul>\n<li>Deckelsystem f\u00fcr verschiedene Beh\u00e4lterdurchmesser<\/li>\n<li>Diskontinuierlicher Mahlprozess<\/li>\n<li>Ansatzgr\u00f6\u00dfen von 1 bis 5.000 Liter<\/li>\n<li>H\u00f6henverstellbarer und gek\u00fchlter Mahlkorb\n<p><\/li>\n<\/ul>\n<p><strong>Option<\/strong><\/p>\n<ul>\n<li>Rezepturgef\u00fchrte halb- und vollautomatische PC\/SPS-Steuerung<\/li>\n<\/ul>\n<p>[\/et_pb_text][\/et_pb_column][et_pb_column type=&#8220;1_2&#8243; _builder_version=&#8220;4.27.4&#8243; _module_preset=&#8220;default&#8220; global_colors_info=&#8220;{}&#8220;][et_pb_text _builder_version=&#8220;4.27.4&#8243; _module_preset=&#8220;default&#8220; global_colors_info=&#8220;{}&#8220;]<\/p>\n<p>&nbsp;<\/p>\n<p>&nbsp;<\/p>\n<ul>\n<li>Automatische K\u00fchlwassersteuerung<\/li>\n<li>Hohe Umfangsgeschwindigkeiten<\/li>\n<li>Kontinuierliche Temperaturmessung mit Grenzwert\u00fcberwachung<\/li>\n<li>Mahlk\u00f6rper unterschiedlicher Materialien und Durchmesser<\/li>\n<\/ul>\n<p>[\/et_pb_text][\/et_pb_column][\/et_pb_row][\/et_pb_section][et_pb_section fb_built=&#8220;1&#8243; _builder_version=&#8220;4.27.4&#8243; _module_preset=&#8220;default&#8220; background_color=&#8220;#003769&#8243; da_disable_devices=&#8220;off|off|off&#8220; global_colors_info=&#8220;{}&#8220; da_is_popup=&#8220;off&#8220; da_exit_intent=&#8220;off&#8220; da_has_close=&#8220;on&#8220; da_alt_close=&#8220;off&#8220; da_dark_close=&#8220;off&#8220; da_not_modal=&#8220;on&#8220; da_is_singular=&#8220;off&#8220; da_with_loader=&#8220;off&#8220; da_has_shadow=&#8220;on&#8220;][et_pb_row _builder_version=&#8220;4.27.4&#8243; _module_preset=&#8220;default&#8220; global_colors_info=&#8220;{}&#8220;][et_pb_column type=&#8220;4_4&#8243; _builder_version=&#8220;4.27.4&#8243; _module_preset=&#8220;default&#8220; global_colors_info=&#8220;{}&#8220;][et_pb_gallery gallery_ids=&#8220;233220,233219,233218&#8243; posts_number=&#8220;3&#8243; orientation=&#8220;portrait&#8220; _builder_version=&#8220;4.27.4&#8243; _module_preset=&#8220;default&#8220; text_orientation=&#8220;center&#8220; background_layout=&#8220;dark&#8220; global_colors_info=&#8220;{}&#8220;][\/et_pb_gallery][\/et_pb_column][\/et_pb_row][\/et_pb_section][et_pb_section fb_built=&#8220;1&#8243; _builder_version=&#8220;4.27.4&#8243; _module_preset=&#8220;default&#8220; da_disable_devices=&#8220;off|off|off&#8220; global_colors_info=&#8220;{}&#8220; da_is_popup=&#8220;off&#8220; da_exit_intent=&#8220;off&#8220; da_has_close=&#8220;on&#8220; da_alt_close=&#8220;off&#8220; da_dark_close=&#8220;off&#8220; da_not_modal=&#8220;on&#8220; da_is_singular=&#8220;off&#8220; da_with_loader=&#8220;off&#8220; da_has_shadow=&#8220;on&#8220;][et_pb_row column_structure=&#8220;1_2,1_2&#8243; _builder_version=&#8220;4.27.4&#8243; _module_preset=&#8220;default&#8220; global_colors_info=&#8220;{}&#8220;][et_pb_column type=&#8220;1_2&#8243; _builder_version=&#8220;4.27.4&#8243; _module_preset=&#8220;default&#8220; global_colors_info=&#8220;{}&#8220;][et_pb_text _builder_version=&#8220;4.27.4&#8243; _module_preset=&#8220;default&#8220; global_colors_info=&#8220;{}&#8220;]<\/p>\n<h3><span style=\"color: #003366;\">Kreis-Dissolver\u00ae-Butterfly<\/span><\/h3>\n<p>&nbsp;<\/p>\n<p>sind Hochleistungs-Dispergiermaschinen mit Leistungen von 5,5\/15 kW bis \u00a022\/90 kW. Sie eignen sich zum <strong>Mischen, Dispergieren und Evakuieren<\/strong> von ultra- hochviskosen und thixotropen Produkten.<\/p>\n<p>[\/et_pb_text][\/et_pb_column][et_pb_column type=&#8220;1_2&#8243; _builder_version=&#8220;4.27.4&#8243; _module_preset=&#8220;default&#8220; global_colors_info=&#8220;{}&#8220;][et_pb_video src=&#8220;https:\/\/www.youtube.com\/embed\/ojwrIoFk4co?referrerpolicy=&#8217;strict-origin-when-cross-origin&#8217;&#038;loop=1&#8243; _builder_version=&#8220;4.27.4&#8243; _module_preset=&#8220;default&#8220; global_colors_info=&#8220;{}&#8220;][\/et_pb_video][\/et_pb_column][\/et_pb_row][et_pb_row _builder_version=&#8220;4.27.4&#8243; _module_preset=&#8220;default&#8220; global_colors_info=&#8220;{}&#8220;][et_pb_column type=&#8220;4_4&#8243; _builder_version=&#8220;4.27.4&#8243; _module_preset=&#8220;default&#8220; global_colors_info=&#8220;{}&#8220;][et_pb_text _builder_version=&#8220;4.27.4&#8243; _module_preset=&#8220;default&#8220; global_colors_info=&#8220;{}&#8220;]<\/p>\n<h3><\/h3>\n<p><strong>Merkmale<\/strong><\/p>\n<ul>\n<li>Bodenaufstellung<\/li>\n<li>Vakuumausf\u00fchrung f\u00fcr alle Baugr\u00f6\u00dfen<\/li>\n<li>Einsatz von fahrbaren Mischbeh\u00e4ltern<\/li>\n<li>Chargengr\u00f6\u00dfen von\u00a015 bis max. 1500 Liter<\/li>\n<li>Antrieb durch moderne Frequenzumrichtertechnik<\/li>\n<li>h\u00f6henverstellbare R\u00fchr- \/Mischwerkzeuge<\/li>\n<\/ul>\n<p>[\/et_pb_text][\/et_pb_column][\/et_pb_row][\/et_pb_section][et_pb_section fb_built=&#8220;1&#8243; admin_label=&#8220;beispiel_fotos&#8220; _builder_version=&#8220;4.16&#8243; _module_preset=&#8220;default&#8220; background_color=&#8220;#003769&#8243; da_disable_devices=&#8220;off|off|off&#8220; global_colors_info=&#8220;{%22gcid-564a62f8-08b5-4913-a77f-a4cb0ddc3962%22:%91%93}&#8220; da_is_popup=&#8220;off&#8220; da_exit_intent=&#8220;off&#8220; da_has_close=&#8220;on&#8220; da_alt_close=&#8220;off&#8220; da_dark_close=&#8220;off&#8220; da_not_modal=&#8220;on&#8220; da_is_singular=&#8220;off&#8220; da_with_loader=&#8220;off&#8220; da_has_shadow=&#8220;on&#8220;][et_pb_row _builder_version=&#8220;4.27.4&#8243; _module_preset=&#8220;default&#8220; global_colors_info=&#8220;{}&#8220;][et_pb_column type=&#8220;4_4&#8243; _builder_version=&#8220;4.27.4&#8243; _module_preset=&#8220;default&#8220; global_colors_info=&#8220;{}&#8220;][et_pb_gallery gallery_ids=&#8220;233217,233216,233215&#8243; posts_number=&#8220;3&#8243; orientation=&#8220;portrait&#8220; _builder_version=&#8220;4.27.4&#8243; _module_preset=&#8220;default&#8220; text_orientation=&#8220;center&#8220; background_layout=&#8220;dark&#8220; global_colors_info=&#8220;{}&#8220;][\/et_pb_gallery][\/et_pb_column][\/et_pb_row][\/et_pb_section][et_pb_section fb_built=&#8220;1&#8243; specialty=&#8220;on&#8220; admin_label=&#8220;footer&#8220; _builder_version=&#8220;4.9.11&#8243; _module_preset=&#8220;default&#8220; background_color=&#8220;gcid-83bbbfa6-118f-4c15-8606-ff2147f4316a&#8220; background_enable_image=&#8220;off&#8220; custom_padding=&#8220;||41px|||&#8220; da_disable_devices=&#8220;off|off|off&#8220; global_module=&#8220;360&#8243; saved_tabs=&#8220;all&#8220; global_colors_info=&#8220;{%22gcid-83bbbfa6-118f-4c15-8606-ff2147f4316a%22:%91%22background_color%22%93}&#8220; da_is_popup=&#8220;off&#8220; da_exit_intent=&#8220;off&#8220; da_has_close=&#8220;on&#8220; da_alt_close=&#8220;off&#8220; da_dark_close=&#8220;off&#8220; da_not_modal=&#8220;on&#8220; da_is_singular=&#8220;off&#8220; da_with_loader=&#8220;off&#8220; da_has_shadow=&#8220;on&#8220;][et_pb_column type=&#8220;1_2&#8243; _builder_version=&#8220;4.16&#8243; custom_padding=&#8220;|||&#8220; global_colors_info=&#8220;{}&#8220; custom_padding__hover=&#8220;|||&#8220;][et_pb_map address=&#8220;Pranzing 50, 4861 Aurach am Hongar&#8220; zoom_level=&#8220;17&#8243; address_lat=&#8220;47.952905770807&#8243; address_lng=&#8220;13.662749180716&#8243; _builder_version=&#8220;4.27.4&#8243; _module_preset=&#8220;default&#8220; global_colors_info=&#8220;{}&#8220;][et_pb_map_pin title=&#8220;Schwarz\u00e4ugl SITS &#038; T GmbH&#8220; zoom_level=&#8220;17&#8243; pin_address_lat=&#8220;47.953141357401&#8243; pin_address_lng=&#8220;13.662625551224&#8243; _builder_version=&#8220;4.27.4&#8243; _module_preset=&#8220;default&#8220; global_colors_info=&#8220;{}&#8220;]<\/p>\n<p><img decoding=\"async\" src=\"https:\/\/www.schwarzaeugl.at\/wp-content\/uploads\/2021\/05\/logo_schwarzaeugl-2.png\" width=\"200\" alt=\"logo schwarzaeugl in blau und grau\" class=\"wp-image-25 alignnone size-full\" \/><br \/>Pranzing 50<br \/>4861 Aurach am Hongar<br \/><a href=\"http:\/\/www.schwarzaeugl.at\" target=\"_blank\" rel=\"noopener\">www.schwarzaeugl.at<\/a><\/p>\n<p>[\/et_pb_map_pin][\/et_pb_map][\/et_pb_column][et_pb_column type=&#8220;1_2&#8243; specialty_columns=&#8220;2&#8243; _builder_version=&#8220;4.16&#8243; custom_padding=&#8220;|||&#8220; global_colors_info=&#8220;{}&#8220; custom_padding__hover=&#8220;|||&#8220;][et_pb_row_inner admin_label=&#8220;titel&#8220; _builder_version=&#8220;4.16&#8243; _module_preset=&#8220;default&#8220; custom_padding=&#8220;||9px|||&#8220; global_colors_info=&#8220;{}&#8220;][et_pb_column_inner saved_specialty_column_type=&#8220;1_2&#8243; _builder_version=&#8220;4.16&#8243; _module_preset=&#8220;default&#8220; global_colors_info=&#8220;{}&#8220;][et_pb_text _builder_version=&#8220;4.27.4&#8243; _module_preset=&#8220;default&#8220; text_text_color=&#8220;#000000&#8243; header_text_color=&#8220;gcid-564a62f8-08b5-4913-a77f-a4cb0ddc3962&#8243; custom_margin=&#8220;||9px|||&#8220; global_colors_info=&#8220;{%22gcid-564a62f8-08b5-4913-a77f-a4cb0ddc3962%22:%91%22header_text_color%22%93}&#8220;]<\/p>\n<h1 style=\"text-align: left;\"><span>Schwarz\u00e4ugl SITS &amp; T GmbH<\/span><\/h1>\n<p>[\/et_pb_text][\/et_pb_column_inner][\/et_pb_row_inner][et_pb_row_inner column_structure=&#8220;1_2,1_2&#8243; admin_label=&#8220;informationen&#8220; _builder_version=&#8220;4.16&#8243; _module_preset=&#8220;default&#8220; custom_padding=&#8220;0px|||||&#8220; global_colors_info=&#8220;{}&#8220;][et_pb_column_inner type=&#8220;1_2&#8243; saved_specialty_column_type=&#8220;1_2&#8243; _builder_version=&#8220;4.16&#8243; _module_preset=&#8220;default&#8220; global_colors_info=&#8220;{}&#8220;][et_pb_text admin_label=&#8220;kontakt&#8220; _builder_version=&#8220;4.16&#8243; _module_preset=&#8220;default&#8220; text_text_color=&#8220;gcid-564a62f8-08b5-4913-a77f-a4cb0ddc3962&#8243; header_text_color=&#8220;gcid-564a62f8-08b5-4913-a77f-a4cb0ddc3962&#8243; header_2_text_color=&#8220;gcid-564a62f8-08b5-4913-a77f-a4cb0ddc3962&#8243; global_colors_info=&#8220;{%22gcid-564a62f8-08b5-4913-a77f-a4cb0ddc3962%22:%91%22text_text_color%22,%22header_text_color%22,%22header_2_text_color%22%93}&#8220;]<\/p>\n<h2 class=\"mobile-portrait-row adress\"><span itemprop=\"streetAddress\">Kontakt<\/span><\/h2>\n<div class=\"mobile-portrait-row adress\">\n<div class=\"mobile-portrait-row phone\">\n<div class=\"label-portrait\">Tel.: +43\u00a0<span itemprop=\"telephone\">7672 22422<\/span><\/div>\n<\/div>\n<div class=\"mobile-portrait-row fax\">\n<div class=\"label-portrait\">Fax: +43\u00a0<span itemprop=\"faxNumber\">7672 22422-4<\/span><\/div>\n<div class=\"label-portrait\">\n<div class=\"mobile-portrait-row mail\">\n<div class=\"label-portrait\">Mail: office@\u200bschwarzaeugl.at<\/div>\n<\/div>\n<div class=\"mobile-portrait-row url\">\n<div class=\"label-portrait\">Web: www.schwarzaeugl.at<\/div>\n<\/div>\n<p><span itemprop=\"faxNumber\"><\/span><\/p>\n<\/div>\n<\/div>\n<\/div>\n<p>[\/et_pb_text][et_pb_text admin_label=&#8220;adresse&#8220; _builder_version=&#8220;4.27.4&#8243; _module_preset=&#8220;default&#8220; text_text_color=&#8220;gcid-564a62f8-08b5-4913-a77f-a4cb0ddc3962&#8243; header_text_color=&#8220;#FFFFFF&#8220; header_2_text_color=&#8220;#FFFFFF&#8220; min_height=&#8220;54px&#8220; custom_margin=&#8220;3px|||||&#8220; global_colors_info=&#8220;{%22gcid-564a62f8-08b5-4913-a77f-a4cb0ddc3962%22:%91%22text_text_color%22%93}&#8220;]<\/p>\n<p><a href=\"https:\/\/www.schwarzaeugl.at\/impressum\/\"><span style=\"text-decoration: underline;\">Impressum<\/span><\/a><\/p>\n<p><a href=\"https:\/\/www.schwarzaeugl.at\/cookie-richtlinie-eu\/\"><span style=\"text-decoration: underline;\">Datenschutz<\/span><\/a><\/p>\n<p>[\/et_pb_text][\/et_pb_column_inner][et_pb_column_inner type=&#8220;1_2&#8243; saved_specialty_column_type=&#8220;1_2&#8243; _builder_version=&#8220;4.16&#8243; _module_preset=&#8220;default&#8220; global_colors_info=&#8220;{}&#8220;][et_pb_text admin_label=&#8220;adresse&#8220; _builder_version=&#8220;4.16&#8243; _module_preset=&#8220;default&#8220; text_text_color=&#8220;gcid-564a62f8-08b5-4913-a77f-a4cb0ddc3962&#8243; header_text_color=&#8220;gcid-564a62f8-08b5-4913-a77f-a4cb0ddc3962&#8243; header_2_text_color=&#8220;gcid-564a62f8-08b5-4913-a77f-a4cb0ddc3962&#8243; custom_margin=&#8220;3px|||||&#8220; global_colors_info=&#8220;{%22gcid-564a62f8-08b5-4913-a77f-a4cb0ddc3962%22:%91%22text_text_color%22,%22header_text_color%22,%22header_2_text_color%22%93}&#8220;]<\/p>\n<h2 class=\"mobile-portrait-row adress\" style=\"text-align: left;\"><span itemprop=\"streetAddress\">Adresse<\/span><\/h2>\n<div class=\"mobile-portrait-row adress\" style=\"text-align: left;\"><span>Pranzing 50<\/span><\/div>\n<div class=\"mobile-portrait-row adress\" style=\"text-align: left;\"><span>4861 Aurach am Hongar<\/span><\/div>\n<p>[\/et_pb_text][\/et_pb_column_inner][\/et_pb_row_inner][\/et_pb_column][\/et_pb_section]<\/p>\n","protected":false},"excerpt":{"rendered":"<p>Schwarz\u00e4ugl ITS&amp;T Mechanische Verfahrenstechnik IndustrievertretungenDissolver &amp; Korbm\u00fchlen Innovationen und kontinuierliche Weiterentwicklung haben die Maschinenfabrik Wilhelm Niemann zu einem der weltweit f\u00fchrenden Unternehmen im Bereich der Dispergier- und Feinmahltechnik gemacht. Seit dem Bau des ersten\u00a0KREIS-DISSOLVER\u00ae im Jahre 1963 folgten zahlreiche Patente, Erfindungen und Weiterentwicklungen. Dadurch wurde die Marktposition kontinuierlich gest\u00e4rkt und auf den In- und Auslandsmarkt [&hellip;]<\/p>\n","protected":false},"author":1,"featured_media":0,"parent":0,"menu_order":0,"comment_status":"closed","ping_status":"closed","template":"","meta":{"_et_pb_use_builder":"on","_et_pb_old_content":"","_et_gb_content_width":"","_monsterinsights_skip_tracking":false,"_monsterinsights_sitenote_active":false,"_monsterinsights_sitenote_note":"","_monsterinsights_sitenote_category":0,"footnotes":""},"class_list":["post-623","page","type-page","status-publish","hentry"],"_links":{"self":[{"href":"https:\/\/www.schwarzaeugl.at\/en\/wp-json\/wp\/v2\/pages\/623","targetHints":{"allow":["GET"]}}],"collection":[{"href":"https:\/\/www.schwarzaeugl.at\/en\/wp-json\/wp\/v2\/pages"}],"about":[{"href":"https:\/\/www.schwarzaeugl.at\/en\/wp-json\/wp\/v2\/types\/page"}],"author":[{"embeddable":true,"href":"https:\/\/www.schwarzaeugl.at\/en\/wp-json\/wp\/v2\/users\/1"}],"replies":[{"embeddable":true,"href":"https:\/\/www.schwarzaeugl.at\/en\/wp-json\/wp\/v2\/comments?post=623"}],"version-history":[{"count":27,"href":"https:\/\/www.schwarzaeugl.at\/en\/wp-json\/wp\/v2\/pages\/623\/revisions"}],"predecessor-version":[{"id":233247,"href":"https:\/\/www.schwarzaeugl.at\/en\/wp-json\/wp\/v2\/pages\/623\/revisions\/233247"}],"wp:attachment":[{"href":"https:\/\/www.schwarzaeugl.at\/en\/wp-json\/wp\/v2\/media?parent=623"}],"curies":[{"name":"wp","href":"https:\/\/api.w.org\/{rel}","templated":true}]}}