{"id":848,"date":"2021-05-29T17:51:02","date_gmt":"2021-05-29T17:51:02","guid":{"rendered":"https:\/\/webdesign.jolanda-hofmann.site\/?page_id=848"},"modified":"2025-05-13T20:09:31","modified_gmt":"2025-05-13T20:09:31","slug":"hydrometallurgie","status":"publish","type":"page","link":"https:\/\/www.schwarzaeugl.at\/en\/hydrometallurgie\/","title":{"rendered":"Hydrometallurgie"},"content":{"rendered":"<p>[et_pb_section fb_built=&#8220;1&#8243; admin_label=&#8220;header&#8220; _builder_version=&#8220;4.16&#8243; _module_preset=&#8220;default&#8220; use_background_color_gradient=&#8220;on&#8220; background_color_gradient_stops=&#8220;#ffffff 0%|rgba(0,0,0,0.76) 100%&#8220; background_color_gradient_overlays_image=&#8220;on&#8220; background_color_gradient_start=&#8220;#ffffff&#8220; background_color_gradient_end=&#8220;rgba(0,0,0,0.76)&#8220; background_image=&#8220;https:\/\/www.schwarzaeugl.at\/wp-content\/uploads\/2021\/05\/152.jpg&#8220; custom_padding=&#8220;||3px|||&#8220; background_last_edited=&#8220;on|desktop&#8220; background_color_gradient_stops_phone=&#8220;#ffffff 0%|rgba(0,0,0,0.76) 90%&#8220; background_color_gradient_end_position_phone=&#8220;90%&#8220; global_colors_info=&#8220;{}&#8220;][et_pb_row custom_padding_last_edited=&#8220;on|phone&#8220; _builder_version=&#8220;4.16&#8243; _module_preset=&#8220;default&#8220; custom_padding=&#8220;7px||47px|||&#8220; custom_padding_tablet=&#8220;&#8220; custom_padding_phone=&#8220;30px||69px||false|false&#8220; global_colors_info=&#8220;{}&#8220;][et_pb_column type=&#8220;4_4&#8243; _builder_version=&#8220;4.16&#8243; _module_preset=&#8220;default&#8220; global_colors_info=&#8220;{}&#8220;][et_pb_text admin_label=&#8220;header_title&#8220; _builder_version=&#8220;4.16&#8243; _module_preset=&#8220;default&#8220; header_text_color=&#8220;gcid-564a62f8-08b5-4913-a77f-a4cb0ddc3962&#8243; header_font_size=&#8220;93px&#8220; header_2_text_color=&#8220;#FFFFFF&#8220; header_2_font_size=&#8220;40px&#8220; custom_margin=&#8220;-52px|||||&#8220; header_font_size_tablet=&#8220;&#8220; header_font_size_phone=&#8220;40px&#8220; header_font_size_last_edited=&#8220;on|phone&#8220; header_2_font_size_tablet=&#8220;&#8220; header_2_font_size_phone=&#8220;20px&#8220; header_2_font_size_last_edited=&#8220;on|phone&#8220; global_colors_info=&#8220;{%22gcid-36b050bc-04ff-4213-b4cd-bd33d87865a5%22:%91%93,%22gcid-564a62f8-08b5-4913-a77f-a4cb0ddc3962%22:%91%22header_text_color%22%93}&#8220;]<\/p>\n<h1 style=\"text-align: center;\"><span>Schwarz\u00e4ugl ITS&amp;T<\/span><\/h1>\n<h2 style=\"text-align: center;\"><span>Mechanische Verfahrenstechnik<\/span><\/h2>\n<h2 style=\"text-align: center;\"><span>Industrievertretungen<\/span><\/h2>\n<p>[\/et_pb_text][\/et_pb_column][\/et_pb_row][\/et_pb_section][et_pb_section fb_built=&#8220;1&#8243; admin_label=&#8220;hydrometallurgie&#8220; _builder_version=&#8220;4.16&#8243; _module_preset=&#8220;default&#8220; global_colors_info=&#8220;{}&#8220;][et_pb_row admin_label=&#8220;Zeile&#8220; _builder_version=&#8220;4.16&#8243; _module_preset=&#8220;default&#8220; global_colors_info=&#8220;{}&#8220;][et_pb_column type=&#8220;4_4&#8243; _builder_version=&#8220;4.16&#8243; _module_preset=&#8220;default&#8220; global_colors_info=&#8220;{}&#8220;][et_pb_text admin_label=&#8220;chemie_text&#8220; _builder_version=&#8220;4.16&#8243; _module_preset=&#8220;default&#8220; global_colors_info=&#8220;{}&#8220;]<\/p>\n<h1 style=\"text-align: center;\">Hydrometallurgie<\/h1>\n<p style=\"text-align: center;\">Gewinnung von Gold, Kupfer, Zink, Nickel, Scandium, Lithium, Aluminium, Uran,&#8230;\u00a0<\/p>\n<p style=\"text-align: center;\">Folgende Produkte werden f\u00fcr diese Anwendung eingesetzt:<\/p>\n<p>[\/et_pb_text][\/et_pb_column][\/et_pb_row][et_pb_row admin_label=&#8220;akkordeon&#8220; _builder_version=&#8220;4.16&#8243; _module_preset=&#8220;default&#8220; global_colors_info=&#8220;{}&#8220;][et_pb_column type=&#8220;4_4&#8243; _builder_version=&#8220;4.16&#8243; _module_preset=&#8220;default&#8220; global_colors_info=&#8220;{}&#8220;][et_pb_accordion admin_label=&#8220;Akkordeon&#8220; _builder_version=&#8220;4.27.4&#8243; _module_preset=&#8220;default&#8220; hover_enabled=&#8220;0&#8243; global_colors_info=&#8220;{}&#8220; icon_color=&#8220;#003B6A&#8220; sticky_enabled=&#8220;0&#8243; open_toggle_text_color=&#8220;#003B6A&#8220; toggle_text_color=&#8220;#003B6A&#8220; closed_toggle_text_color=&#8220;#003B6A&#8220;][et_pb_accordion_item title=&#8220;R\u00fchrwerke&#8220; open=&#8220;on&#8220; _builder_version=&#8220;4.16&#8243; _module_preset=&#8220;default&#8220; global_colors_info=&#8220;{}&#8220;]<\/p>\n<p>Die Gewinnung von Metallen mithilfe hydrometallurgischer Verfahren kommt immer h\u00e4ufiger zur Anwendung. Im Gegensatz zur Pyrometallurgie k\u00f6nnen mit hydrometallurgischen Prozessen komplexe Erztypen mit niedrigem Metallgehalt, wie sie immer h\u00e4ufiger vorzufinden sind, noch wirtschaftlich verarbeitet werden.<br \/>Ekato ist Weltmarktf\u00fchrer im Bereich der R\u00fchrtechnik f\u00fcr Autoklaven. Basierend auf einem sehr gro\u00dfen Erfahrungsschaft bietet Ekato ma\u00dfgeschneiderte L\u00f6sungen an. Die Leistungen decken einen gro\u00dfen Bereich ab; beginnend mit Laborversuchen, CFD und FEA Studien, Auslegung und Fertigung von R\u00fchrwerken bis hin zum Service vor Ort.<\/p>\n<p>Vorteile:<\/p>\n<ul>\n<li>H\u00f6here Ausbeuten und verbesserte hydrometallurgische Ergebnisse aufgrund eines verbesserten Stoff\u00fcbergangs und h\u00f6herer Umw\u00e4lzraten zum Suspendieren von Feststoff.<\/li>\n<li>Signifikante Kosteneinsparungen durch eine h\u00f6here Gasausbeute.<\/li>\n<li>Reduzierte Betriebskosten durch stabiles Betriebsverhalten auch bei sehr hohen Begasungsmengen.<\/li>\n<\/ul>\n<p>Beispiele R\u00fchrprozesse:<\/p>\n<ul>\n<li>Autoklaven<\/li>\n<li>Atmosph\u00e4rische, begaste Beh\u00e4lter<\/li>\n<li>Gro\u00dfe Beh\u00e4lter und Laugungsbeh\u00e4lter<\/li>\n<li>Prozess-, Lager- und Puffertanks\u00a0<\/li>\n<\/ul>\n<p>Zus\u00e4tzlich werden die R\u00fchrwerke auch f\u00fcr den Flotationsprozess sowie f\u00fcr die industrielle Abwasserreinigungsanlage eingesetzt.\u00a0\u00a0<\/p>\n<p>[\/et_pb_accordion_item][et_pb_accordion_item title=&#8220;Verladetechnik-Klapptreppen&#8220; _builder_version=&#8220;4.16&#8243; _module_preset=&#8220;default&#8220; global_colors_info=&#8220;{}&#8220; open=&#8220;off&#8220;]<\/p>\n<p>F\u00fcr die Be- und Entladung von Chemiekalien (S\u00e4uren, Laugen) sowie gasf\u00f6rmige Medien mittels LKW oder Kesselwagen bietet Fa. Igatec\u00a0die ideale L\u00f6sung f\u00fcr manuelle und automatisierte Verladeanlagen. Zum Einsatz kommt entweder ein Top-Loading Verladesystem mit B\u00fchnenaufbau, welches sich durch einen gro\u00dfen Arbeitsbereich und somit hoher Flexibilit\u00e4t auszeichnet, oder ein Bottom-Loading Verladesystem wo die Befestigung des Verladearms auf einer Stands\u00e4ule oder Tr\u00e4ger erfolgt.<\/p>\n<p>Anwendungen:<\/p>\n<ul>\n<li>Chemikalien (S\u00e4uren und Laugen)<\/li>\n<li>Gase<\/li>\n<li>Slurry\u00a0<\/li>\n<\/ul>\n<p>[\/et_pb_accordion_item][\/et_pb_accordion][\/et_pb_column][\/et_pb_row][\/et_pb_section][et_pb_section fb_built=&#8220;1&#8243; admin_label=&#8220;mineralien&#8220; _builder_version=&#8220;4.16&#8243; _module_preset=&#8220;default&#8220; global_colors_info=&#8220;{}&#8220;][et_pb_row admin_label=&#8220;Zeile&#8220; _builder_version=&#8220;4.16&#8243; _module_preset=&#8220;default&#8220; global_colors_info=&#8220;{}&#8220;][et_pb_column type=&#8220;4_4&#8243; _builder_version=&#8220;4.16&#8243; _module_preset=&#8220;default&#8220; global_colors_info=&#8220;{}&#8220;][et_pb_text admin_label=&#8220;chemie_text&#8220; _builder_version=&#8220;4.16&#8243; _module_preset=&#8220;default&#8220; global_colors_info=&#8220;{}&#8220;]<\/p>\n<h1 style=\"text-align: center;\">Mineralien<\/h1>\n<p style=\"text-align: center;\">Herstellung von Kaolin, Calciumcarbonat, Talk, Magnesiumhydroxid, Aluminiumhydroxid, Calciumhydroxid, Eisenoxid,&#8230;<\/p>\n<p>[\/et_pb_text][\/et_pb_column][\/et_pb_row][et_pb_row admin_label=&#8220;akkordeon&#8220; _builder_version=&#8220;4.16&#8243; _module_preset=&#8220;default&#8220; global_colors_info=&#8220;{}&#8220;][et_pb_column type=&#8220;4_4&#8243; _builder_version=&#8220;4.16&#8243; _module_preset=&#8220;default&#8220; global_colors_info=&#8220;{}&#8220;][et_pb_accordion admin_label=&#8220;Akkordeon&#8220; _builder_version=&#8220;4.27.4&#8243; _module_preset=&#8220;default&#8220; hover_enabled=&#8220;0&#8243; global_colors_info=&#8220;{}&#8220; icon_color=&#8220;#003B6A&#8220; open_toggle_text_color=&#8220;#003B6A&#8220; toggle_text_color=&#8220;#003B6A&#8220; sticky_enabled=&#8220;0&#8243;][et_pb_accordion_item title=&#8220;R\u00fchrwerke&#8220; open=&#8220;on&#8220; _builder_version=&#8220;4.16&#8243; _module_preset=&#8220;default&#8220; global_colors_info=&#8220;{}&#8220;]<\/p>\n<p><span>Mineralien, die einem Na\u00dfprozess unterliegen, werden sehr h\u00e4ufig ger\u00fchrt. R\u00fchrwerke werden in unterschiedlichen Prozessschritte eingesetzt wobei eine schnelle Durchmischung sowie eine homogene Suspension gefordert ist. Die meisten Mineralien haben die Eigenschaft, dass Sie sehr abrassiv sind und die Standzeiten vom Prozessequipment stark verk\u00fcrzen. Speziell entwickelte R\u00fchrorgane sowie Verschlei\u00dfschutz erm\u00f6glichen hohe Standzeiten um eine hohe Durchsatzleistung zu erreichen.<\/span><\/p>\n<p>[\/et_pb_accordion_item][et_pb_accordion_item title=&#8220;Dissolver&#8220; _builder_version=&#8220;4.16&#8243; _module_preset=&#8220;default&#8220; global_colors_info=&#8220;{}&#8220; open=&#8220;off&#8220;]<\/p>\n<p><span>Dissolver werden h\u00e4ufig bei Industrieanwendungen eingesetzt da Sie flexibel einsetzbar sind und sich perfekt f\u00fcr das Mischen von Feststoffen in Fl\u00fcssigkeiten eignen.<\/span><br \/><span>Mit dem Hochleistungs-Kreis-Dissolver Standard KV von Niemann k\u00f6nnen Ansatzvolumen von ca. 1.500 l batchweise in fahrbaren Mischbeh\u00e4ltern hergestellt werden. F\u00fcr gr\u00f6\u00dfere Produktionsmengen bis ca. 15.000 l kommen entweder der Aufbau- oder der Deckeneinbau-Dissolver zum Einsatz. \u00dcber eine hydraulich verstellbare Hubs\u00e4ule kann die optimale Arbeitsh\u00f6he eingestellt werden. Gemeinsam mit diesem verstellbaren Parameter sowie der patentierten Doppelsogzahnscheibe, welche frequenzgeregelt ist,\u00a0k\u00f6nnen optimale Dispergierergebnisse in Verbindung mit kurzen Chargenzeiten garantiert werden.\u00a0<\/span><\/p>\n<p>[\/et_pb_accordion_item][et_pb_accordion_item title=&#8220;Verladetechnik-Klapptreppe&#8220; _builder_version=&#8220;4.16&#8243; _module_preset=&#8220;default&#8220; global_colors_info=&#8220;{}&#8220; open=&#8220;off&#8220;]<\/p>\n<p>F\u00fcr die Be- und Entladung von Chemiekalien (S\u00e4uren, Laugen) sowie gasf\u00f6rmige Medien mittels LKW oder Kesselwagen bietet Fa. Igatec\u00a0die ideale L\u00f6sung f\u00fcr manuelle und automatisierte Verladeanlagen. Zum Einsatz kommt entweder ein Top-Loading Verladesystem mit B\u00fchnenaufbau, welches sich durch einen gro\u00dfen Arbeitsbereich und somit hoher Flexibilit\u00e4t auszeichnet, oder ein Bottom-Loading Verladesystem wo die Befestigung des Verladearms auf einer Stands\u00e4ule oder Tr\u00e4ger erfolgt.<\/p>\n<p><strong>Anwendungen:<\/strong><\/p>\n<ul>\n<li>Chemikalien (S\u00e4uren und Laugen)<\/li>\n<li>Gase<\/li>\n<li>Slurry\u00a0<\/li>\n<\/ul>\n<p>[\/et_pb_accordion_item][et_pb_accordion_item title=&#8220;Siebmaschinen &#038; Separatoren&#8220; _builder_version=&#8220;4.16&#8243; _module_preset=&#8220;default&#8220; global_colors_info=&#8220;{}&#8220; open=&#8220;off&#8220;]<\/p>\n<p><span>Die Siebmaschinen von Russell Finex werden f\u00fcr die Kontrollsiebung im Mineralienprozess (na\u00df und trocken) eingesetzt und beseitigen Verunreinigungen sowie ungew\u00fcnschte Agglomerate um die Produktqualit\u00e4t zu erh\u00f6hen. Diese\u00a0 Hochleistungs-Siebmaschinen eigenen sich besonders gut, wenn die Platzverh\u00e4ltnisse begrenzt sind und passen somit perfekt in jede Produktions- und Abf\u00fcllinien. Ist eine h\u00f6here Flexibilit\u00e4t der Siebung an unterschieldlichen Standorten notwendig, k\u00f6nnen diese Siebmaschinen auch mobil ausgef\u00fchrt werden.\u00a0<\/span><\/p>\n<p>[\/et_pb_accordion_item][\/et_pb_accordion][\/et_pb_column][\/et_pb_row][\/et_pb_section][et_pb_section fb_built=&#8220;1&#8243; specialty=&#8220;on&#8220; admin_label=&#8220;footer&#8220; _builder_version=&#8220;4.9.11&#8243; _module_preset=&#8220;default&#8220; background_color=&#8220;gcid-83bbbfa6-118f-4c15-8606-ff2147f4316a&#8220; background_enable_image=&#8220;off&#8220; custom_padding=&#8220;||41px|||&#8220; global_module=&#8220;360&#8243; saved_tabs=&#8220;all&#8220; global_colors_info=&#8220;{%22gcid-83bbbfa6-118f-4c15-8606-ff2147f4316a%22:%91%22background_color%22%93}&#8220;][et_pb_column type=&#8220;1_2&#8243; _builder_version=&#8220;4.16&#8243; custom_padding=&#8220;|||&#8220; global_colors_info=&#8220;{}&#8220; custom_padding__hover=&#8220;|||&#8220;][et_pb_map address=&#8220;Pranzing 50, 4861 Aurach am Hongar&#8220; zoom_level=&#8220;17&#8243; address_lat=&#8220;47.952905770807&#8243; address_lng=&#8220;13.662749180716&#8243; _builder_version=&#8220;4.27.4&#8243; _module_preset=&#8220;default&#8220; global_colors_info=&#8220;{}&#8220;][et_pb_map_pin title=&#8220;Schwarz\u00e4ugl SITS &#038; T GmbH&#8220; zoom_level=&#8220;17&#8243; pin_address_lat=&#8220;47.953141357401&#8243; pin_address_lng=&#8220;13.662625551224&#8243; _builder_version=&#8220;4.27.4&#8243; _module_preset=&#8220;default&#8220; global_colors_info=&#8220;{}&#8220;][\/et_pb_map_pin][\/et_pb_map][\/et_pb_column][et_pb_column type=&#8220;1_2&#8243; specialty_columns=&#8220;2&#8243; _builder_version=&#8220;4.16&#8243; custom_padding=&#8220;|||&#8220; global_colors_info=&#8220;{}&#8220; custom_padding__hover=&#8220;|||&#8220;][et_pb_row_inner admin_label=&#8220;titel&#8220; _builder_version=&#8220;4.16&#8243; _module_preset=&#8220;default&#8220; custom_padding=&#8220;||9px|||&#8220; global_colors_info=&#8220;{}&#8220;][et_pb_column_inner saved_specialty_column_type=&#8220;1_2&#8243; _builder_version=&#8220;4.16&#8243; _module_preset=&#8220;default&#8220; global_colors_info=&#8220;{}&#8220;][et_pb_text _builder_version=&#8220;4.27.4&#8243; _module_preset=&#8220;default&#8220; text_text_color=&#8220;#000000&#8243; header_text_color=&#8220;gcid-564a62f8-08b5-4913-a77f-a4cb0ddc3962&#8243; custom_margin=&#8220;||9px|||&#8220; global_colors_info=&#8220;{%22gcid-564a62f8-08b5-4913-a77f-a4cb0ddc3962%22:%91%22header_text_color%22%93}&#8220;]<\/p>\n<h1 style=\"text-align: left;\"><span>Schwarz\u00e4ugl SITS &amp; T GmbH<\/span><\/h1>\n<p>[\/et_pb_text][\/et_pb_column_inner][\/et_pb_row_inner][et_pb_row_inner column_structure=&#8220;1_2,1_2&#8243; admin_label=&#8220;informationen&#8220; _builder_version=&#8220;4.16&#8243; _module_preset=&#8220;default&#8220; custom_padding=&#8220;0px|||||&#8220; global_colors_info=&#8220;{}&#8220;][et_pb_column_inner type=&#8220;1_2&#8243; saved_specialty_column_type=&#8220;1_2&#8243; _builder_version=&#8220;4.16&#8243; _module_preset=&#8220;default&#8220; global_colors_info=&#8220;{}&#8220;][et_pb_text admin_label=&#8220;kontakt&#8220; _builder_version=&#8220;4.16&#8243; _module_preset=&#8220;default&#8220; text_text_color=&#8220;gcid-564a62f8-08b5-4913-a77f-a4cb0ddc3962&#8243; header_text_color=&#8220;gcid-564a62f8-08b5-4913-a77f-a4cb0ddc3962&#8243; header_2_text_color=&#8220;gcid-564a62f8-08b5-4913-a77f-a4cb0ddc3962&#8243; global_colors_info=&#8220;{%22gcid-564a62f8-08b5-4913-a77f-a4cb0ddc3962%22:%91%22text_text_color%22,%22header_text_color%22,%22header_2_text_color%22%93}&#8220;]<\/p>\n<h2 class=\"mobile-portrait-row adress\"><span itemprop=\"streetAddress\">Kontakt<\/span><\/h2>\n<div class=\"mobile-portrait-row adress\">\n<div class=\"mobile-portrait-row phone\">\n<div class=\"label-portrait\">Tel.: +43\u00a0<span itemprop=\"telephone\">7672 22422<\/span><\/div>\n<\/div>\n<div class=\"mobile-portrait-row fax\">\n<div class=\"label-portrait\">Fax: +43\u00a0<span itemprop=\"faxNumber\">7672 22422-4<\/span><\/div>\n<div class=\"label-portrait\">\n<div class=\"mobile-portrait-row mail\">\n<div class=\"label-portrait\">Mail: office@\u200bschwarzaeugl.at<\/div>\n<\/div>\n<div class=\"mobile-portrait-row url\">\n<div class=\"label-portrait\">Web: www.schwarzaeugl.at<\/div>\n<\/div>\n<p><span itemprop=\"faxNumber\"><\/span><\/p>\n<\/div>\n<\/div>\n<\/div>\n<p>[\/et_pb_text][et_pb_text admin_label=&#8220;adresse&#8220; _builder_version=&#8220;4.27.4&#8243; _module_preset=&#8220;default&#8220; text_text_color=&#8220;gcid-564a62f8-08b5-4913-a77f-a4cb0ddc3962&#8243; header_text_color=&#8220;#FFFFFF&#8220; header_2_text_color=&#8220;#FFFFFF&#8220; min_height=&#8220;54px&#8220; custom_margin=&#8220;3px|||||&#8220; global_colors_info=&#8220;{%22gcid-564a62f8-08b5-4913-a77f-a4cb0ddc3962%22:%91%22text_text_color%22%93}&#8220;]<\/p>\n<p><a href=\"https:\/\/www.schwarzaeugl.at\/impressum\/\"><span style=\"text-decoration: underline;\">Impressum<\/span><\/a><\/p>\n<p><a href=\"https:\/\/www.schwarzaeugl.at\/cookie-richtlinie-eu\/\"><span style=\"text-decoration: underline;\">Datenschutz<\/span><\/a><\/p>\n<p>[\/et_pb_text][\/et_pb_column_inner][et_pb_column_inner type=&#8220;1_2&#8243; saved_specialty_column_type=&#8220;1_2&#8243; _builder_version=&#8220;4.16&#8243; _module_preset=&#8220;default&#8220; global_colors_info=&#8220;{}&#8220;][et_pb_text admin_label=&#8220;adresse&#8220; _builder_version=&#8220;4.16&#8243; _module_preset=&#8220;default&#8220; text_text_color=&#8220;gcid-564a62f8-08b5-4913-a77f-a4cb0ddc3962&#8243; header_text_color=&#8220;gcid-564a62f8-08b5-4913-a77f-a4cb0ddc3962&#8243; header_2_text_color=&#8220;gcid-564a62f8-08b5-4913-a77f-a4cb0ddc3962&#8243; custom_margin=&#8220;3px|||||&#8220; global_colors_info=&#8220;{%22gcid-564a62f8-08b5-4913-a77f-a4cb0ddc3962%22:%91%22text_text_color%22,%22header_text_color%22,%22header_2_text_color%22%93}&#8220;]<\/p>\n<h2 class=\"mobile-portrait-row adress\" style=\"text-align: left;\"><span itemprop=\"streetAddress\">Adresse<\/span><\/h2>\n<div class=\"mobile-portrait-row adress\" style=\"text-align: left;\"><span>Pranzing 50<\/span><\/div>\n<div class=\"mobile-portrait-row adress\" style=\"text-align: left;\"><span>4861 Aurach am Hongar<\/span><\/div>\n<p>[\/et_pb_text][\/et_pb_column_inner][\/et_pb_row_inner][\/et_pb_column][\/et_pb_section]<\/p>\n","protected":false},"excerpt":{"rendered":"<p>Schwarz\u00e4ugl ITS&amp;T Mechanische Verfahrenstechnik IndustrievertretungenHydrometallurgie Gewinnung von Gold, Kupfer, Zink, Nickel, Scandium, Lithium, Aluminium, Uran,&#8230;\u00a0 Folgende Produkte werden f\u00fcr diese Anwendung eingesetzt:Die Gewinnung von Metallen mithilfe hydrometallurgischer Verfahren kommt immer h\u00e4ufiger zur Anwendung. Im Gegensatz zur Pyrometallurgie k\u00f6nnen mit hydrometallurgischen Prozessen komplexe Erztypen mit niedrigem Metallgehalt, wie sie immer h\u00e4ufiger vorzufinden sind, noch wirtschaftlich verarbeitet [&hellip;]<\/p>\n","protected":false},"author":1,"featured_media":0,"parent":0,"menu_order":0,"comment_status":"closed","ping_status":"closed","template":"","meta":{"_et_pb_use_builder":"on","_et_pb_old_content":"","_et_gb_content_width":"","_monsterinsights_skip_tracking":false,"_monsterinsights_sitenote_active":false,"_monsterinsights_sitenote_note":"","_monsterinsights_sitenote_category":0,"footnotes":""},"class_list":["post-848","page","type-page","status-publish","hentry"],"_links":{"self":[{"href":"https:\/\/www.schwarzaeugl.at\/en\/wp-json\/wp\/v2\/pages\/848","targetHints":{"allow":["GET"]}}],"collection":[{"href":"https:\/\/www.schwarzaeugl.at\/en\/wp-json\/wp\/v2\/pages"}],"about":[{"href":"https:\/\/www.schwarzaeugl.at\/en\/wp-json\/wp\/v2\/types\/page"}],"author":[{"embeddable":true,"href":"https:\/\/www.schwarzaeugl.at\/en\/wp-json\/wp\/v2\/users\/1"}],"replies":[{"embeddable":true,"href":"https:\/\/www.schwarzaeugl.at\/en\/wp-json\/wp\/v2\/comments?post=848"}],"version-history":[{"count":5,"href":"https:\/\/www.schwarzaeugl.at\/en\/wp-json\/wp\/v2\/pages\/848\/revisions"}],"predecessor-version":[{"id":232728,"href":"https:\/\/www.schwarzaeugl.at\/en\/wp-json\/wp\/v2\/pages\/848\/revisions\/232728"}],"wp:attachment":[{"href":"https:\/\/www.schwarzaeugl.at\/en\/wp-json\/wp\/v2\/media?parent=848"}],"curies":[{"name":"wp","href":"https:\/\/api.w.org\/{rel}","templated":true}]}}