{"id":959,"date":"2021-06-29T14:23:15","date_gmt":"2021-06-29T14:23:15","guid":{"rendered":"https:\/\/www.schwarzaeugl.at\/?page_id=959"},"modified":"2022-03-16T09:13:20","modified_gmt":"2022-03-16T09:13:20","slug":"impressum","status":"publish","type":"page","link":"https:\/\/www.schwarzaeugl.at\/en\/impressum\/","title":{"rendered":"Impressum"},"content":{"rendered":"<p>[et_pb_section fb_built=&#8220;1&#8243; admin_label=&#8220;header&#8220; _builder_version=&#8220;4.9.7&#8243; _module_preset=&#8220;default&#8220; use_background_color_gradient=&#8220;on&#8220; background_color_gradient_start=&#8220;#ffffff&#8220; background_color_gradient_end=&#8220;rgba(0,0,0,0.76)&#8220; background_color_gradient_overlays_image=&#8220;on&#8220; background_image=&#8220;https:\/\/www.schwarzaeugl.at\/wp-content\/uploads\/2021\/06\/AdobeStock_55886489-scaled.jpeg&#8220; custom_padding=&#8220;||3px|||&#8220; background_last_edited=&#8220;on|phone&#8220; background_color_gradient_end_position_phone=&#8220;90%&#8220; global_colors_info=&#8220;{}&#8220;][et_pb_row custom_padding_last_edited=&#8220;on|phone&#8220; admin_label=&#8220;Zeile&#8220; _builder_version=&#8220;4.9.3&#8243; _module_preset=&#8220;default&#8220; custom_padding=&#8220;7px||47px|||&#8220; custom_padding_tablet=&#8220;&#8220; custom_padding_phone=&#8220;30px||69px||false|false&#8220; global_colors_info=&#8220;{}&#8220;][et_pb_column type=&#8220;4_4&#8243; _builder_version=&#8220;4.9.3&#8243; _module_preset=&#8220;default&#8220; global_colors_info=&#8220;{}&#8220;][et_pb_text _builder_version=&#8220;4.9.3&#8243; _module_preset=&#8220;default&#8220; header_text_color=&#8220;gcid-564a62f8-08b5-4913-a77f-a4cb0ddc3962&#8243; header_font_size=&#8220;93px&#8220; header_2_text_color=&#8220;#FFFFFF&#8220; header_2_font_size=&#8220;40px&#8220; custom_margin=&#8220;-52px|||||&#8220; header_font_size_tablet=&#8220;&#8220; header_font_size_phone=&#8220;40px&#8220; header_font_size_last_edited=&#8220;on|phone&#8220; header_2_font_size_tablet=&#8220;&#8220; header_2_font_size_phone=&#8220;20px&#8220; header_2_font_size_last_edited=&#8220;on|phone&#8220; global_colors_info=&#8220;{%22gcid-36b050bc-04ff-4213-b4cd-bd33d87865a5%22:%91%93,%22gcid-564a62f8-08b5-4913-a77f-a4cb0ddc3962%22:%91%22header_text_color%22%93}&#8220;]<\/p>\n<h1 style=\"text-align: center;\"><span>Schwarz\u00e4ugl ITS&amp;T<\/span><\/h1>\n<h2 style=\"text-align: center;\"><span>Mechanische Verfahrenstechnik<\/span><\/h2>\n<h2 style=\"text-align: center;\"><span>Industrievertretungen<\/span><\/h2>\n<p>[\/et_pb_text][\/et_pb_column][\/et_pb_row][\/et_pb_section][et_pb_section fb_built=&#8220;1&#8243; admin_label=&#8220;containerr\u00fchrwerke&#8220; _builder_version=&#8220;4.9.4&#8243; _module_preset=&#8220;default&#8220; background_color=&#8220;#FFFFFF&#8220; custom_padding=&#8220;||2px|||&#8220; global_colors_info=&#8220;{}&#8220;][et_pb_row admin_label=&#8220;Zeile&#8220; _builder_version=&#8220;4.9.3&#8243; _module_preset=&#8220;default&#8220; custom_padding=&#8220;||0px|||&#8220; global_colors_info=&#8220;{}&#8220;][et_pb_column type=&#8220;4_4&#8243; _builder_version=&#8220;4.9.3&#8243; _module_preset=&#8220;default&#8220; global_colors_info=&#8220;{}&#8220;][et_pb_text _builder_version=&#8220;4.9.7&#8243; _module_preset=&#8220;default&#8220; text_line_height=&#8220;1.5em&#8220; header_font_size=&#8220;36px&#8220; custom_margin=&#8220;||25px|||&#8220; custom_padding=&#8220;||30px|||&#8220; global_colors_info=&#8220;{}&#8220;]<\/p>\n<h1 style=\"text-align: left;\">Impressum<\/h1>\n<p>&nbsp;<\/p>\n<h2 style=\"text-align: left;\"><b>Schwarz\u00e4ugl ITS &amp; T <\/b><\/h2>\n<p style=\"text-align: left;\">Gesellschaft mit beschr\u00e4nkter Haftung<span class=\"Apple-converted-space\">\u00a0<\/span><\/p>\n<p style=\"text-align: left;\">Handelsgewerbe<\/p>\n<p style=\"text-align: left;\">UID-Nr: ATU49538308<\/p>\n<p style=\"text-align: left;\">FN: 493533 i<\/p>\n<p style=\"text-align: left;\">FB-Gericht: Landesgericht Wels<\/p>\n<p style=\"text-align: left;\">Sitz: <span>4861 Aurach am Hongar<\/span><\/p>\n<div class=\"mobile-portrait-row adress\" style=\"text-align: left;\"><span>Pranzing 50<\/span><\/div>\n<div class=\"mobile-portrait-row adress\" style=\"text-align: left;\"><span><\/span><\/div>\n<div class=\"mobile-portrait-row adress\" style=\"text-align: left;\"><span><\/span><\/div>\n<div class=\"mobile-portrait-row adress\" style=\"text-align: left;\"><span><\/span><\/div>\n<div class=\"mobile-portrait-row adress\" style=\"text-align: left;\"><\/div>\n<p style=\"text-align: left;\">\n<p style=\"text-align: left;\">Tel: +43 7672 22422<\/p>\n<p style=\"text-align: left;\">Fax: +43 7672 22422-4<\/p>\n<p style=\"text-align: left;\">E-Mail: office@schwarzaeugl.at<\/p>\n<p style=\"text-align: left;\">Verbraucher haben die M\u00f6glichkeit, Beschwerden an die Online- Streitbeilegungsplattform der EU zu richten: http:\/\/ec.europa.eu\/odr.<\/p>\n<p style=\"text-align: left;\">Sie k\u00f6nnen allf\u00e4llige Beschwerde auch an die oben angegebene E-Mail-Adresse richten.<span class=\"Apple-converted-space\">\u00a0<\/span><\/p>\n<p style=\"text-align: left;\"><span style=\"text-decoration: underline;\"><a href=\"https:\/\/firmen.wko.at\/schwarz\u00e4ugl-its-%26-t-gmbh\/ober\u00f6sterreich\/?firmaid=67b39477-4263-4b54-bb65-ac7e98cfdb62&amp;standortid=1197&amp;standortname=regau%20%28gemeinde%29&amp;suchbegriff=schwarz\u00e4ugl\">Alle aktuellen Angaben zu Schwarz\u00e4ugl ITS&amp;T finden Sie hier.<\/a><\/span><span class=\"Apple-converted-space\"><\/span><\/p>\n<p style=\"text-align: left;\"><span class=\"Apple-converted-space\"><\/span><\/p>\n<p>[\/et_pb_text][\/et_pb_column][\/et_pb_row][\/et_pb_section][et_pb_section fb_built=&#8220;1&#8243; specialty=&#8220;on&#8220; admin_label=&#8220;footer&#8220; _builder_version=&#8220;4.9.11&#8243; _module_preset=&#8220;default&#8220; background_color=&#8220;gcid-83bbbfa6-118f-4c15-8606-ff2147f4316a&#8220; background_enable_image=&#8220;off&#8220; custom_padding=&#8220;||41px|||&#8220; global_module=&#8220;360&#8243; saved_tabs=&#8220;all&#8220; global_colors_info=&#8220;{%22gcid-83bbbfa6-118f-4c15-8606-ff2147f4316a%22:%91%22background_color%22%93}&#8220;][et_pb_column type=&#8220;1_2&#8243; _builder_version=&#8220;3.25&#8243; custom_padding=&#8220;|||&#8220; global_colors_info=&#8220;{}&#8220; custom_padding__hover=&#8220;|||&#8220;][et_pb_map address=&#8220;Fischergasse 1, 4844 Schalchham, \u00d6sterreich&#8220; zoom_level=&#8220;19&#8243; address_lat=&#8220;47.997833387775&#8243; address_lng=&#8220;13.671375383976&#8243; _builder_version=&#8220;4.10.4&#8243; _module_preset=&#8220;default&#8220; global_colors_info=&#8220;{}&#8220;][et_pb_map_pin title=&#8220;Schwarz\u00e4ugl SITS &#038; T GmbH&#8220; pin_address=&#8220;Fischergasse 1, 4844 Schalchham, \u00d6sterreich&#8220; pin_address_lat=&#8220;47.9977827&#8243; pin_address_lng=&#8220;13.6714523&#8243; _builder_version=&#8220;4.10.4&#8243; _module_preset=&#8220;default&#8220; global_colors_info=&#8220;{}&#8220; title__hover_enabled=&#8220;on|hover&#8220; title__hover=&#8220;Schwarz\u00e4ugl SITS &#038; T GmbH&#8220;][\/et_pb_map_pin][\/et_pb_map][\/et_pb_column][et_pb_column type=&#8220;1_2&#8243; specialty_columns=&#8220;2&#8243; _builder_version=&#8220;3.25&#8243; custom_padding=&#8220;|||&#8220; global_colors_info=&#8220;{}&#8220; custom_padding__hover=&#8220;|||&#8220;][et_pb_row_inner admin_label=&#8220;titel&#8220; _builder_version=&#8220;4.9.3&#8243; _module_preset=&#8220;default&#8220; custom_padding=&#8220;||9px|||&#8220; global_colors_info=&#8220;{}&#8220;][et_pb_column_inner saved_specialty_column_type=&#8220;1_2&#8243; _builder_version=&#8220;4.9.3&#8243; _module_preset=&#8220;default&#8220; global_colors_info=&#8220;{}&#8220;][et_pb_text _builder_version=&#8220;4.9.11&#8243; _module_preset=&#8220;default&#8220; text_text_color=&#8220;#000000&#8243; header_text_color=&#8220;gcid-564a62f8-08b5-4913-a77f-a4cb0ddc3962&#8243; custom_margin=&#8220;||9px|||&#8220; global_colors_info=&#8220;{%22gcid-564a62f8-08b5-4913-a77f-a4cb0ddc3962%22:%91%22header_text_color%22%93}&#8220;]<\/p>\n<h1 style=\"text-align: left;\"><span>Schwarz\u00e4ugl SITS &amp; T GmbH<\/span><\/h1>\n<p>[\/et_pb_text][\/et_pb_column_inner][\/et_pb_row_inner][et_pb_row_inner column_structure=&#8220;1_2,1_2&#8243; admin_label=&#8220;informationen&#8220; _builder_version=&#8220;4.9.3&#8243; _module_preset=&#8220;default&#8220; custom_padding=&#8220;0px|||||&#8220; global_colors_info=&#8220;{}&#8220;][et_pb_column_inner type=&#8220;1_2&#8243; saved_specialty_column_type=&#8220;1_2&#8243; _builder_version=&#8220;4.9.3&#8243; _module_preset=&#8220;default&#8220; global_colors_info=&#8220;{}&#8220;][et_pb_text admin_label=&#8220;kontakt&#8220; _builder_version=&#8220;4.9.11&#8243; _module_preset=&#8220;default&#8220; text_text_color=&#8220;gcid-564a62f8-08b5-4913-a77f-a4cb0ddc3962&#8243; header_text_color=&#8220;gcid-564a62f8-08b5-4913-a77f-a4cb0ddc3962&#8243; header_2_text_color=&#8220;gcid-564a62f8-08b5-4913-a77f-a4cb0ddc3962&#8243; global_colors_info=&#8220;{%22gcid-564a62f8-08b5-4913-a77f-a4cb0ddc3962%22:%91%22text_text_color%22,%22header_text_color%22,%22header_2_text_color%22%93}&#8220;]<\/p>\n<h2 class=\"mobile-portrait-row adress\"><span itemprop=\"streetAddress\">Kontakt<\/span><\/h2>\n<div class=\"mobile-portrait-row adress\">\n<div class=\"mobile-portrait-row phone\">\n<div class=\"label-portrait\">Tel.: +43\u00a0<span itemprop=\"telephone\">7672 22422<\/span><\/div>\n<\/div>\n<div class=\"mobile-portrait-row fax\">\n<div class=\"label-portrait\">Fax: +43\u00a0<span itemprop=\"faxNumber\">7672 22422-4<\/span><\/div>\n<div class=\"label-portrait\">\n<div class=\"mobile-portrait-row mail\">\n<div class=\"label-portrait\">Mail: office@\u200bschwarzaeugl.at<\/div>\n<\/div>\n<div class=\"mobile-portrait-row url\">\n<div class=\"label-portrait\">Web: www.schwarzaeugl.at<\/div>\n<\/div>\n<p><span itemprop=\"faxNumber\"><\/span><\/p>\n<\/div>\n<\/div>\n<\/div>\n<p>[\/et_pb_text][et_pb_text admin_label=&#8220;adresse&#8220; _builder_version=&#8220;4.9.11&#8243; _module_preset=&#8220;default&#8220; text_text_color=&#8220;gcid-564a62f8-08b5-4913-a77f-a4cb0ddc3962&#8243; header_text_color=&#8220;#FFFFFF&#8220; header_2_text_color=&#8220;#FFFFFF&#8220; min_height=&#8220;54px&#8220; custom_margin=&#8220;3px|||||&#8220; global_colors_info=&#8220;{%22gcid-564a62f8-08b5-4913-a77f-a4cb0ddc3962%22:%91%22text_text_color%22%93}&#8220;]<\/p>\n<p>\u00a0<a href=\"https:\/\/www.schwarzaeugl.at\/impressum\/\"><span style=\"text-decoration: underline;\">Impressum<\/span><\/a><\/p>\n<p><a href=\"https:\/\/www.schwarzaeugl.at\/cookie-richtlinie-eu\/\"><span style=\"text-decoration: underline;\">Datenschutz<\/span><\/a><\/p>\n<p>[\/et_pb_text][\/et_pb_column_inner][et_pb_column_inner type=&#8220;1_2&#8243; saved_specialty_column_type=&#8220;1_2&#8243; _builder_version=&#8220;4.9.3&#8243; _module_preset=&#8220;default&#8220; global_colors_info=&#8220;{}&#8220;][et_pb_text admin_label=&#8220;adresse&#8220; _builder_version=&#8220;4.9.11&#8243; _module_preset=&#8220;default&#8220; text_text_color=&#8220;gcid-564a62f8-08b5-4913-a77f-a4cb0ddc3962&#8243; header_text_color=&#8220;gcid-564a62f8-08b5-4913-a77f-a4cb0ddc3962&#8243; header_2_text_color=&#8220;gcid-564a62f8-08b5-4913-a77f-a4cb0ddc3962&#8243; custom_margin=&#8220;3px|||||&#8220; global_colors_info=&#8220;{%22gcid-564a62f8-08b5-4913-a77f-a4cb0ddc3962%22:%91%22text_text_color%22,%22header_text_color%22,%22header_2_text_color%22%93}&#8220;]<\/p>\n<h2 class=\"mobile-portrait-row adress\" style=\"text-align: left;\"><span itemprop=\"streetAddress\">Adresse<\/span><\/h2>\n<div class=\"mobile-portrait-row adress\" style=\"text-align: left;\"><span>Pranzing 50<\/span><\/div>\n<div class=\"mobile-portrait-row adress\" style=\"text-align: left;\"><span>4861 Aurach am Hongar<\/span><\/div>\n<p>[\/et_pb_text][\/et_pb_column_inner][\/et_pb_row_inner][\/et_pb_column][\/et_pb_section]<\/p>\n","protected":false},"excerpt":{"rendered":"<p>Schwarz\u00e4ugl ITS&amp;T Mechanische Verfahrenstechnik IndustrievertretungenImpressum &nbsp; Schwarz\u00e4ugl ITS &amp; T Gesellschaft mit beschr\u00e4nkter Haftung\u00a0 Handelsgewerbe UID-Nr: ATU49538308 FN: 493533 i FB-Gericht: Landesgericht Wels Sitz: 4861 Aurach am Hongar Pranzing 50 Tel: +43 7672 22422 Fax: +43 7672 22422-4 E-Mail: office@schwarzaeugl.at Verbraucher haben die M\u00f6glichkeit, Beschwerden an die Online- Streitbeilegungsplattform der EU zu richten: http:\/\/ec.europa.eu\/odr. Sie [&hellip;]<\/p>\n","protected":false},"author":1,"featured_media":0,"parent":0,"menu_order":0,"comment_status":"closed","ping_status":"closed","template":"","meta":{"_et_pb_use_builder":"on","_et_pb_old_content":"","_et_gb_content_width":"","_monsterinsights_skip_tracking":false,"_monsterinsights_sitenote_active":false,"_monsterinsights_sitenote_note":"","_monsterinsights_sitenote_category":0,"footnotes":""},"class_list":["post-959","page","type-page","status-publish","hentry"],"_links":{"self":[{"href":"https:\/\/www.schwarzaeugl.at\/en\/wp-json\/wp\/v2\/pages\/959","targetHints":{"allow":["GET"]}}],"collection":[{"href":"https:\/\/www.schwarzaeugl.at\/en\/wp-json\/wp\/v2\/pages"}],"about":[{"href":"https:\/\/www.schwarzaeugl.at\/en\/wp-json\/wp\/v2\/types\/page"}],"author":[{"embeddable":true,"href":"https:\/\/www.schwarzaeugl.at\/en\/wp-json\/wp\/v2\/users\/1"}],"replies":[{"embeddable":true,"href":"https:\/\/www.schwarzaeugl.at\/en\/wp-json\/wp\/v2\/comments?post=959"}],"version-history":[{"count":9,"href":"https:\/\/www.schwarzaeugl.at\/en\/wp-json\/wp\/v2\/pages\/959\/revisions"}],"predecessor-version":[{"id":232508,"href":"https:\/\/www.schwarzaeugl.at\/en\/wp-json\/wp\/v2\/pages\/959\/revisions\/232508"}],"wp:attachment":[{"href":"https:\/\/www.schwarzaeugl.at\/en\/wp-json\/wp\/v2\/media?parent=959"}],"curies":[{"name":"wp","href":"https:\/\/api.w.org\/{rel}","templated":true}]}}